{"id":858,"date":"2022-05-20T22:59:20","date_gmt":"2022-05-20T20:59:20","guid":{"rendered":"https:\/\/www.fyntech.de\/?page_id=858"},"modified":"2022-05-22T18:59:00","modified_gmt":"2022-05-22T16:59:00","slug":"ergebnisse","status":"publish","type":"page","link":"https:\/\/www.fyntech.de\/en\/life-performance\/ergebnisse\/","title":{"rendered":"Ergebnisse"},"content":{"rendered":"<div data-elementor-type=\"wp-page\" data-elementor-id=\"858\" class=\"elementor elementor-858\" data-elementor-post-type=\"page\">\n\t\t\t\t\t\t<section class=\"elementor-section elementor-top-section elementor-element elementor-element-2b47bbf elementor-section-content-middle elementor-section-boxed elementor-section-height-default elementor-section-height-default\" data-id=\"2b47bbf\" data-element_type=\"section\" data-e-type=\"section\">\n\t\t\t\t\t\t<div class=\"elementor-container elementor-column-gap-default\">\n\t\t\t\t\t<div class=\"elementor-column elementor-col-50 elementor-top-column elementor-element elementor-element-fa8a152\" data-id=\"fa8a152\" data-element_type=\"column\" data-e-type=\"column\">\n\t\t\t<div class=\"elementor-widget-wrap elementor-element-populated\">\n\t\t\t\t\t\t<div class=\"elementor-element elementor-element-fdc7014 elementor-widget elementor-widget-image\" data-id=\"fdc7014\" data-element_type=\"widget\" data-e-type=\"widget\" data-widget_type=\"image.default\">\n\t\t\t\t<div class=\"elementor-widget-container\">\n\t\t\t\t\t\t\t\t\t\t\t\t<figure class=\"wp-caption\">\n\t\t\t\t\t\t\t\t\t\t<img fetchpriority=\"high\" decoding=\"async\" width=\"360\" height=\"360\" src=\"https:\/\/www.fyntech.de\/wp-content\/uploads\/2021\/07\/carlaseelmeyer.jpg\" class=\"attachment-responsive-450 size-responsive-450 wp-image-627\" alt=\"Personalentwicklerin\" srcset=\"https:\/\/www.fyntech.de\/wp-content\/uploads\/2021\/07\/carlaseelmeyer.jpg 360w, https:\/\/www.fyntech.de\/wp-content\/uploads\/2021\/07\/carlaseelmeyer-300x300.jpg 300w, https:\/\/www.fyntech.de\/wp-content\/uploads\/2021\/07\/carlaseelmeyer-150x150.jpg 150w\" sizes=\"(max-width: 360px) 100vw, 360px\" \/>\t\t\t\t\t\t\t\t\t\t\t<figcaption class=\"widget-image-caption wp-caption-text\">Carla Seelmeyer - Personalentwicklerin, IT-Beratung<\/figcaption>\n\t\t\t\t\t\t\t\t\t\t<\/figure>\n\t\t\t\t\t\t\t\t\t<\/div>\n\t\t\t\t<\/div>\n\t\t\t\t\t<\/div>\n\t\t<\/div>\n\t\t\t\t<div class=\"elementor-column elementor-col-50 elementor-top-column elementor-element elementor-element-c9a7254\" data-id=\"c9a7254\" data-element_type=\"column\" data-e-type=\"column\">\n\t\t\t<div class=\"elementor-widget-wrap elementor-element-populated\">\n\t\t\t\t\t\t<div class=\"elementor-element elementor-element-e16130f elementor-widget elementor-widget-heading\" data-id=\"e16130f\" data-element_type=\"widget\" data-e-type=\"widget\" data-widget_type=\"heading.default\">\n\t\t\t\t<div class=\"elementor-widget-container\">\n\t\t\t\t\t<h2 class=\"elementor-heading-title elementor-size-default\">Herausragenden Expertise<\/h2>\t\t\t\t<\/div>\n\t\t\t\t<\/div>\n\t\t\t\t<div class=\"elementor-element elementor-element-353bade elementor-widget elementor-widget-text-editor\" data-id=\"353bade\" data-element_type=\"widget\" data-e-type=\"widget\" data-widget_type=\"text-editor.default\">\n\t\t\t\t<div class=\"elementor-widget-container\">\n\t\t\t\t\t\t\t\t\t<p>Frank war rund um das Thema &#8222;High Performance&#8220; immer unser erster Ansprechpartner. Er hat in unserem Trainee Programm sowie bei diversen Fortbildungstagen Schulungen zum Thema &#8222;Bio Hacking&#8220; gehalten. Danach kam von den Teilnehmern auf die Frage hin was sie sich f\u00fcr das n\u00e4chste Mal w\u00fcnschen: &#8222;Mehr von Frank!&#8220; &#8211; ich denke mehr braucht es gar nicht, um seine herausragenden Expertise unter Beweise zu stellen.<\/p>\t\t\t\t\t\t\t\t<\/div>\n\t\t\t\t<\/div>\n\t\t\t\t\t<\/div>\n\t\t<\/div>\n\t\t\t\t\t<\/div>\n\t\t<\/section>\n\t\t\t\t<section class=\"elementor-section elementor-top-section elementor-element elementor-element-47ca906 elementor-section-content-middle elementor-section-boxed elementor-section-height-default elementor-section-height-default\" data-id=\"47ca906\" data-element_type=\"section\" data-e-type=\"section\" data-settings=\"{&quot;background_background&quot;:&quot;classic&quot;}\">\n\t\t\t\t\t\t\t<div class=\"elementor-background-overlay\"><\/div>\n\t\t\t\t\t\t\t<div class=\"elementor-container elementor-column-gap-default\">\n\t\t\t\t\t<div class=\"elementor-column elementor-col-100 elementor-top-column elementor-element elementor-element-6fc9953\" data-id=\"6fc9953\" data-element_type=\"column\" data-e-type=\"column\">\n\t\t\t<div class=\"elementor-widget-wrap elementor-element-populated\">\n\t\t\t\t\t\t<section class=\"elementor-section elementor-inner-section elementor-element elementor-element-a13bad7 elementor-section-boxed elementor-section-height-default elementor-section-height-default\" data-id=\"a13bad7\" data-element_type=\"section\" data-e-type=\"section\">\n\t\t\t\t\t\t<div class=\"elementor-container elementor-column-gap-default\">\n\t\t\t\t\t<div class=\"elementor-column elementor-col-50 elementor-inner-column elementor-element elementor-element-6a12e3b\" data-id=\"6a12e3b\" data-element_type=\"column\" data-e-type=\"column\">\n\t\t\t<div class=\"elementor-widget-wrap elementor-element-populated\">\n\t\t\t\t\t\t<div class=\"elementor-element elementor-element-03d3396 elementor-widget elementor-widget-heading\" data-id=\"03d3396\" data-element_type=\"widget\" data-e-type=\"widget\" data-widget_type=\"heading.default\">\n\t\t\t\t<div class=\"elementor-widget-container\">\n\t\t\t\t\t<h2 class=\"elementor-heading-title elementor-size-default\">Danke dir Frank f\u00fcr geniale und lehrreiche Sessions!<\/h2>\t\t\t\t<\/div>\n\t\t\t\t<\/div>\n\t\t\t\t<div class=\"elementor-element elementor-element-3deb672 elementor-widget elementor-widget-text-editor\" data-id=\"3deb672\" data-element_type=\"widget\" data-e-type=\"widget\" data-widget_type=\"text-editor.default\">\n\t\t\t\t<div class=\"elementor-widget-container\">\n\t\t\t\t\t\t\t\t\tDurch das Coaching mit Frank habe ich festgestellt, wie unglaublich viel\n Potential ich im Rahmen der Pers\u00f6nlichkeitsentwicklung habe &#8211; \ngleichzeitig hat er mich auch dabei unterst\u00fctzt herauszufinden, welche \nBereiche ich hier zuerst angehen m\u00f6chte! Schon durch das immense Wissen \nvon Frank in unterschiedlichen Bereichen &#8211; Psychologie und Mindsets, \nBiohacking, Habits, Sport &amp; Ern\u00e4hrung &#8211; habe ich viele neue \nErkenntnisse mitgenommen.\t\t\t\t\t\t\t\t<\/div>\n\t\t\t\t<\/div>\n\t\t\t\t\t<\/div>\n\t\t<\/div>\n\t\t\t\t<div class=\"elementor-column elementor-col-50 elementor-inner-column elementor-element elementor-element-3f488f4\" data-id=\"3f488f4\" data-element_type=\"column\" data-e-type=\"column\">\n\t\t\t<div class=\"elementor-widget-wrap elementor-element-populated\">\n\t\t\t\t\t\t<div class=\"elementor-element elementor-element-7caf206 elementor-widget elementor-widget-image\" data-id=\"7caf206\" data-element_type=\"widget\" data-e-type=\"widget\" data-widget_type=\"image.default\">\n\t\t\t\t<div class=\"elementor-widget-container\">\n\t\t\t\t\t\t\t\t\t\t\t\t<figure class=\"wp-caption\">\n\t\t\t\t\t\t\t\t\t\t<img decoding=\"async\" width=\"180\" height=\"180\" src=\"https:\/\/www.fyntech.de\/wp-content\/uploads\/2021\/02\/alexanderlukas.png\" class=\"attachment-responsive-450 size-responsive-450 wp-image-151\" alt=\"\" srcset=\"https:\/\/www.fyntech.de\/wp-content\/uploads\/2021\/02\/alexanderlukas.png 180w, https:\/\/www.fyntech.de\/wp-content\/uploads\/2021\/02\/alexanderlukas-150x150.png 150w\" sizes=\"(max-width: 180px) 100vw, 180px\" \/>\t\t\t\t\t\t\t\t\t\t\t<figcaption class=\"widget-image-caption wp-caption-text\">Alexander Lukas - Projektleiter, Berater und Entwickler<\/figcaption>\n\t\t\t\t\t\t\t\t\t\t<\/figure>\n\t\t\t\t\t\t\t\t\t<\/div>\n\t\t\t\t<\/div>\n\t\t\t\t\t<\/div>\n\t\t<\/div>\n\t\t\t\t\t<\/div>\n\t\t<\/section>\n\t\t\t\t\t<\/div>\n\t\t<\/div>\n\t\t\t\t\t<\/div>\n\t\t<\/section>\n\t\t\t\t<section class=\"elementor-section elementor-top-section elementor-element elementor-element-2bd2879 elementor-section-content-middle elementor-section-boxed elementor-section-height-default elementor-section-height-default\" data-id=\"2bd2879\" data-element_type=\"section\" data-e-type=\"section\">\n\t\t\t\t\t\t<div class=\"elementor-container elementor-column-gap-default\">\n\t\t\t\t\t<div class=\"elementor-column elementor-col-50 elementor-top-column elementor-element elementor-element-ab33cbf\" data-id=\"ab33cbf\" data-element_type=\"column\" data-e-type=\"column\">\n\t\t\t<div class=\"elementor-widget-wrap elementor-element-populated\">\n\t\t\t\t\t\t<div class=\"elementor-element elementor-element-3da5ab9 elementor-widget elementor-widget-image\" data-id=\"3da5ab9\" data-element_type=\"widget\" data-e-type=\"widget\" data-widget_type=\"image.default\">\n\t\t\t\t<div class=\"elementor-widget-container\">\n\t\t\t\t\t\t\t\t\t\t\t\t<figure class=\"wp-caption\">\n\t\t\t\t\t\t\t\t\t\t<img decoding=\"async\" width=\"180\" height=\"180\" src=\"https:\/\/www.fyntech.de\/wp-content\/uploads\/2021\/03\/f9e45ff6454f9e5f0c169d362bb4109e.png\" class=\"attachment-responsive-450 size-responsive-450 wp-image-162\" alt=\"\" srcset=\"https:\/\/www.fyntech.de\/wp-content\/uploads\/2021\/03\/f9e45ff6454f9e5f0c169d362bb4109e.png 180w, https:\/\/www.fyntech.de\/wp-content\/uploads\/2021\/03\/f9e45ff6454f9e5f0c169d362bb4109e-150x150.png 150w\" sizes=\"(max-width: 180px) 100vw, 180px\" \/>\t\t\t\t\t\t\t\t\t\t\t<figcaption class=\"widget-image-caption wp-caption-text\">Mandy Bebenroth - Beraterin und Marketingmanagerin<\/figcaption>\n\t\t\t\t\t\t\t\t\t\t<\/figure>\n\t\t\t\t\t\t\t\t\t<\/div>\n\t\t\t\t<\/div>\n\t\t\t\t\t<\/div>\n\t\t<\/div>\n\t\t\t\t<div class=\"elementor-column elementor-col-50 elementor-top-column elementor-element elementor-element-4e68c4b\" data-id=\"4e68c4b\" data-element_type=\"column\" data-e-type=\"column\">\n\t\t\t<div class=\"elementor-widget-wrap elementor-element-populated\">\n\t\t\t\t\t\t<div class=\"elementor-element elementor-element-03c62bd elementor-widget elementor-widget-heading\" data-id=\"03c62bd\" data-element_type=\"widget\" data-e-type=\"widget\" data-widget_type=\"heading.default\">\n\t\t\t\t<div class=\"elementor-widget-container\">\n\t\t\t\t\t<h2 class=\"elementor-heading-title elementor-size-default\">Vielen Dank f\u00fcr das tolle Coaching!<\/h2>\t\t\t\t<\/div>\n\t\t\t\t<\/div>\n\t\t\t\t<div class=\"elementor-element elementor-element-f9831f9 elementor-widget elementor-widget-text-editor\" data-id=\"f9831f9\" data-element_type=\"widget\" data-e-type=\"widget\" data-widget_type=\"text-editor.default\">\n\t\t\t\t<div class=\"elementor-widget-container\">\n\t\t\t\t\t\t\t\t\t<p><span lang=\"en-GB\">Ich f<\/span><span lang=\"en-DE\">\u00fc<\/span><span lang=\"en-GB\">hle mich seitdem viel besser und kann in verschiedenen Situationen eine deutliche Steigerung wahrnehmen. Ich komme morgens wieder aus dem Bett (um 7 Uhr beim 1. Wecker). <\/span><\/p><p><span lang=\"en-GB\">Durch deine Tipps bin ich wieder im Flow &#8211; lange Deep-Work Sessions sind kein Problem f<\/span><span lang=\"en-DE\">\u00fc<\/span><span lang=\"en-GB\">r mich! Zudem habe ich gelernt mehr auf Pausen zu achten. <\/span><\/p><p><span lang=\"en-GB\">Meine Ziele konnte ich auch nun besser setzen und ich danke dir f<\/span><span lang=\"en-DE\">\u00fc<\/span><span lang=\"en-GB\">r die vielen kleinen Alltagstipps.<\/span><\/p><p><span lang=\"en-GB\">Ich m<\/span><span lang=\"en-DE\">\u00f6<\/span><span lang=\"en-GB\">chte mich ganz herzlich bei dir bedanken, du hast mich sehr voran gebracht!\u00a0<\/span><\/p>\t\t\t\t\t\t\t\t<\/div>\n\t\t\t\t<\/div>\n\t\t\t\t\t<\/div>\n\t\t<\/div>\n\t\t\t\t\t<\/div>\n\t\t<\/section>\n\t\t\t\t<section class=\"elementor-section elementor-top-section elementor-element elementor-element-e35243d elementor-section-content-middle elementor-section-boxed elementor-section-height-default elementor-section-height-default\" data-id=\"e35243d\" data-element_type=\"section\" data-e-type=\"section\" data-settings=\"{&quot;background_background&quot;:&quot;classic&quot;}\">\n\t\t\t\t\t\t\t<div class=\"elementor-background-overlay\"><\/div>\n\t\t\t\t\t\t\t<div class=\"elementor-container elementor-column-gap-default\">\n\t\t\t\t\t<div class=\"elementor-column elementor-col-50 elementor-top-column elementor-element elementor-element-5164899\" data-id=\"5164899\" data-element_type=\"column\" data-e-type=\"column\">\n\t\t\t<div class=\"elementor-widget-wrap elementor-element-populated\">\n\t\t\t\t\t\t<div class=\"elementor-element elementor-element-18b495b elementor-widget elementor-widget-heading\" data-id=\"18b495b\" data-element_type=\"widget\" data-e-type=\"widget\" data-widget_type=\"heading.default\">\n\t\t\t\t<div class=\"elementor-widget-container\">\n\t\t\t\t\t<h2 class=\"elementor-heading-title elementor-size-default\">Meine Empfehlung<\/h2>\t\t\t\t<\/div>\n\t\t\t\t<\/div>\n\t\t\t\t<div class=\"elementor-element elementor-element-17947c9 elementor-widget elementor-widget-text-editor\" data-id=\"17947c9\" data-element_type=\"widget\" data-e-type=\"widget\" data-widget_type=\"text-editor.default\">\n\t\t\t\t<div class=\"elementor-widget-container\">\n\t\t\t\t\t\t\t\t\t<p>Das High Performance Coaching mit Frank Nedwed befasst sich mit den essentiellen Bausteinen, an denen jeder Mensch arbeiten muss, der sein Leistungspotenzial voll aussch\u00f6pfen m\u00f6chte. Das gibt es in Kombination mit einem Coach, der aufmerksam zuh\u00f6rt und den Fortschritt des Coachees in den Vordergrund stellt. Mir pers\u00f6nlich hat es sehr geholfen einige \u00e4u\u00dferst effiziente Routinen in mein Leben zu integrieren.<\/p>\t\t\t\t\t\t\t\t<\/div>\n\t\t\t\t<\/div>\n\t\t\t\t\t<\/div>\n\t\t<\/div>\n\t\t\t\t<div class=\"elementor-column elementor-col-50 elementor-top-column elementor-element elementor-element-64f0662\" data-id=\"64f0662\" data-element_type=\"column\" data-e-type=\"column\">\n\t\t\t<div class=\"elementor-widget-wrap elementor-element-populated\">\n\t\t\t\t\t\t<div class=\"elementor-element elementor-element-11e8c04 elementor-widget elementor-widget-image\" data-id=\"11e8c04\" data-element_type=\"widget\" data-e-type=\"widget\" data-widget_type=\"image.default\">\n\t\t\t\t<div class=\"elementor-widget-container\">\n\t\t\t\t\t\t\t\t\t\t\t\t<figure class=\"wp-caption\">\n\t\t\t\t\t\t\t\t\t\t<img loading=\"lazy\" decoding=\"async\" width=\"450\" height=\"450\" src=\"https:\/\/www.fyntech.de\/wp-content\/uploads\/2021\/02\/lars-ludwig.jpg\" class=\"attachment-responsive-450 size-responsive-450 wp-image-152\" alt=\"\" srcset=\"https:\/\/www.fyntech.de\/wp-content\/uploads\/2021\/02\/lars-ludwig.jpg 1024w, https:\/\/www.fyntech.de\/wp-content\/uploads\/2021\/02\/lars-ludwig-300x300.jpg 300w, https:\/\/www.fyntech.de\/wp-content\/uploads\/2021\/02\/lars-ludwig-150x150.jpg 150w, https:\/\/www.fyntech.de\/wp-content\/uploads\/2021\/02\/lars-ludwig-768x768.jpg 768w\" sizes=\"(max-width: 450px) 100vw, 450px\" \/>\t\t\t\t\t\t\t\t\t\t\t<figcaption class=\"widget-image-caption wp-caption-text\">Lars Ludwig - IT-Berater und Entwickler<\/figcaption>\n\t\t\t\t\t\t\t\t\t\t<\/figure>\n\t\t\t\t\t\t\t\t\t<\/div>\n\t\t\t\t<\/div>\n\t\t\t\t\t<\/div>\n\t\t<\/div>\n\t\t\t\t\t<\/div>\n\t\t<\/section>\n\t\t\t\t<\/div>","protected":false},"excerpt":{"rendered":"<p>Carla Seelmeyer &#8211; Personalentwicklerin, IT-Beratung Herausragenden Expertise Frank war rund um das Thema &#8222;High Performance&#8220; immer unser erster Ansprechpartner. Er hat in unserem Trainee Programm sowie bei diversen Fortbildungstagen Schulungen zum Thema &#8222;Bio Hacking&#8220; gehalten. Danach kam von den Teilnehmern &hellip;<\/p>\n<p class=\"read-more\"> <a class=\"more-link\" href=\"https:\/\/www.fyntech.de\/en\/life-performance\/ergebnisse\/\"> <span class=\"screen-reader-text\">Ergebnisse<\/span> Read More &raquo;<\/a><\/p>","protected":false},"author":1,"featured_media":0,"parent":866,"menu_order":0,"comment_status":"closed","ping_status":"closed","template":"elementor_header_footer","meta":{"protect_children":false,"_monsterinsights_skip_tracking":false,"_monsterinsights_sitenote_active":false,"_monsterinsights_sitenote_note":"","_monsterinsights_sitenote_category":0,"footnotes":""},"class_list":["post-858","page","type-page","status-publish","hentry"],"aioseo_notices":[],"_links":{"self":[{"href":"https:\/\/www.fyntech.de\/en\/wp-json\/wp\/v2\/pages\/858","targetHints":{"allow":["GET"]}}],"collection":[{"href":"https:\/\/www.fyntech.de\/en\/wp-json\/wp\/v2\/pages"}],"about":[{"href":"https:\/\/www.fyntech.de\/en\/wp-json\/wp\/v2\/types\/page"}],"author":[{"embeddable":true,"href":"https:\/\/www.fyntech.de\/en\/wp-json\/wp\/v2\/users\/1"}],"replies":[{"embeddable":true,"href":"https:\/\/www.fyntech.de\/en\/wp-json\/wp\/v2\/comments?post=858"}],"version-history":[{"count":26,"href":"https:\/\/www.fyntech.de\/en\/wp-json\/wp\/v2\/pages\/858\/revisions"}],"predecessor-version":[{"id":990,"href":"https:\/\/www.fyntech.de\/en\/wp-json\/wp\/v2\/pages\/858\/revisions\/990"}],"up":[{"embeddable":true,"href":"https:\/\/www.fyntech.de\/en\/wp-json\/wp\/v2\/pages\/866"}],"wp:attachment":[{"href":"https:\/\/www.fyntech.de\/en\/wp-json\/wp\/v2\/media?parent=858"}],"curies":[{"name":"wp","href":"https:\/\/api.w.org\/{rel}","templated":true}]}}