{"id":59,"date":"2020-09-07T16:10:30","date_gmt":"2020-09-07T16:10:30","guid":{"rendered":"https:\/\/www.fyntech.de\/?page_id=59"},"modified":"2022-05-23T21:59:39","modified_gmt":"2022-05-23T19:59:39","slug":"impressum-und-kontakt","status":"publish","type":"page","link":"https:\/\/www.fyntech.de\/en\/impressum-und-kontakt\/","title":{"rendered":"Imprint and Contact"},"content":{"rendered":"<div data-elementor-type=\"wp-page\" data-elementor-id=\"59\" class=\"elementor elementor-59\" data-elementor-post-type=\"page\">\n\t\t\t\t\t\t<section class=\"elementor-section elementor-top-section elementor-element elementor-element-8b3960a elementor-section-boxed elementor-section-height-default elementor-section-height-default\" data-id=\"8b3960a\" data-element_type=\"section\" data-e-type=\"section\" data-settings=\"{&quot;background_background&quot;:&quot;classic&quot;}\">\n\t\t\t\t\t\t\t<div class=\"elementor-background-overlay\"><\/div>\n\t\t\t\t\t\t\t<div class=\"elementor-container elementor-column-gap-default\">\n\t\t\t\t\t<div class=\"elementor-column elementor-col-100 elementor-top-column elementor-element elementor-element-dd2f1e9\" data-id=\"dd2f1e9\" data-element_type=\"column\" data-e-type=\"column\">\n\t\t\t<div class=\"elementor-widget-wrap elementor-element-populated\">\n\t\t\t\t\t\t<div class=\"elementor-element elementor-element-7a2d0d12 elementor-widget elementor-widget-text-editor\" data-id=\"7a2d0d12\" data-element_type=\"widget\" data-e-type=\"widget\" data-widget_type=\"text-editor.default\">\n\t\t\t\t<div class=\"elementor-widget-container\">\n\t\t\t\t\t\t\t\t\t<p><strong>Haftungsausschluss:<\/strong><br \/>Wir erkl\u00e4ren ausdr\u00fccklich, dass zum Zeitpunkt einer Linksetzung die entsprechend verlinkten Seiten frei von illegalen Inhalten waren. Des weiteren wird keine Garantie daf\u00fcr \u00fcbernommen, dass die auf dieser Website bereitgestellten Informationen vollst\u00e4ndig, richtig und in jedem Fall aktuell sind. Dies gilt auch f\u00fcr alle Verlinkungen\/Verbindungen, auf die diese Website direkt oder indirekt verweist. Wir haben keinerlei Einfluss auf die aktuelle und zuk\u00fcnftige Gestaltung sowie auf die Inhalte der verkn\u00fcpften Seiten und ist f\u00fcr den Inhalt einer Seite, die mit einer solchen Verlinkung\/Verbindung erreicht wird, nicht verantwortlich.<\/p><p><strong>Urheberrechtliche Hinweise:<\/strong><br \/>Wir sind bestrebt, in allen Publikationen die Urheberrechte der verwendeten Grafiken und Texte zu beachten, von uns selbst erstellte Grafiken und Texte zu nutzen oder auf lizenzfreie Grafiken und Texte zur\u00fcckzugreifen. Alle innerhalb des Internetangebotes genannten und ggf. durch Dritte gesch\u00fctzten Marken- und Warenzeichen unterliegen uneingeschr\u00e4nkt den Bestimmungen des jeweils g\u00fcltigen Kennzeichenrechts und den Besitzrechten der jeweiligen eingetragenen Eigent\u00fcmer.<\/p><p><strong>Copyright<\/strong><br \/>Das Copyright f\u00fcr ver\u00f6ffentlichte, selbst erstellte Objekte bleibt allein beim Betreiber. Eine Vervielf\u00e4ltigung oder Verwendung der Grafiken und Texte in anderen elektronischen oder gedruckten Publikationen ist ohne ausdr\u00fcckliche Zustimmung nicht gestattet.<\/p><h1>\u00a0<\/h1><h1>Imprint<\/h1><h2>Angaben gem\u00e4\u00df \u00a7 5 TMG<\/h2><p>Frank Yukio Nedwed<br \/>FYNTech Frank Yukio Nedwed Technology Consulting<br \/>Ruhestra\u00dfe 12<br \/>55127 Mainz<\/p><h2>Kontakt<\/h2><p>Telefon: +49 (0) 152 021 427 93<br \/>Telefax: +49 (0) 152 021 427 93<br \/>E-Mail: info@fyntech.de<\/p><h2>Umsatzsteuer-ID<\/h2><p>Umsatzsteuer-Identifikationsnummer gem\u00e4\u00df \u00a7 27 a Umsatzsteuergesetz:<br \/>DE344936820<\/p><h2>Angaben zur Berufs\u00adhaftpflicht\u00adversicherung<\/h2><p><strong>Name und Sitz des Versicherers:<\/strong><br \/>Hiscox SA<br \/>Arnulfstra\u00dfe 31<br \/>80636 M\u00fcnchen<\/p><p><strong>Geltungsraum der Versicherung:<\/strong><br \/>Deutschland<\/p><h2>Redaktionell verantwortlich<\/h2><p>Frank Yukio Nedwed<br \/>Ruhestra\u00dfe 12<br \/>55127 Mainz<\/p><h2>EU-Streitschlichtung<\/h2><p>Die Europ\u00e4ische Kommission stellt eine Plattform zur Online-Streitbeilegung (OS) bereit: <a href=\"https:\/\/ec.europa.eu\/consumers\/odr\/\" target=\"_blank\" rel=\"noopener noreferrer\">https:\/\/ec.europa.eu\/consumers\/odr\/<\/a>.<br \/>Unsere E-Mail-Adresse finden Sie oben im Impressum.<\/p>\t\t\t\t\t\t\t\t<\/div>\n\t\t\t\t<\/div>\n\t\t\t\t\t<\/div>\n\t\t<\/div>\n\t\t\t\t\t<\/div>\n\t\t<\/section>\n\t\t\t\t<\/div>","protected":false},"excerpt":{"rendered":"<p>Haftungsausschluss:Wir erkl\u00e4ren ausdr\u00fccklich, dass zum Zeitpunkt einer Linksetzung die entsprechend verlinkten Seiten frei von illegalen Inhalten waren. Des weiteren wird keine Garantie daf\u00fcr \u00fcbernommen, dass die auf dieser Website bereitgestellten Informationen vollst\u00e4ndig, richtig und in jedem Fall aktuell sind. Dies &hellip;<\/p>\n<p class=\"read-more\"> <a class=\"more-link\" href=\"https:\/\/www.fyntech.de\/en\/impressum-und-kontakt\/\"> <span class=\"screen-reader-text\">Imprint and Contact<\/span> Read More &raquo;<\/a><\/p>","protected":false},"author":1,"featured_media":0,"parent":0,"menu_order":0,"comment_status":"closed","ping_status":"closed","template":"elementor_header_footer","meta":{"protect_children":false,"_monsterinsights_skip_tracking":false,"_monsterinsights_sitenote_active":false,"_monsterinsights_sitenote_note":"","_monsterinsights_sitenote_category":0,"footnotes":""},"class_list":["post-59","page","type-page","status-publish","hentry"],"aioseo_notices":[],"_links":{"self":[{"href":"https:\/\/www.fyntech.de\/en\/wp-json\/wp\/v2\/pages\/59","targetHints":{"allow":["GET"]}}],"collection":[{"href":"https:\/\/www.fyntech.de\/en\/wp-json\/wp\/v2\/pages"}],"about":[{"href":"https:\/\/www.fyntech.de\/en\/wp-json\/wp\/v2\/types\/page"}],"author":[{"embeddable":true,"href":"https:\/\/www.fyntech.de\/en\/wp-json\/wp\/v2\/users\/1"}],"replies":[{"embeddable":true,"href":"https:\/\/www.fyntech.de\/en\/wp-json\/wp\/v2\/comments?post=59"}],"version-history":[{"count":19,"href":"https:\/\/www.fyntech.de\/en\/wp-json\/wp\/v2\/pages\/59\/revisions"}],"predecessor-version":[{"id":1012,"href":"https:\/\/www.fyntech.de\/en\/wp-json\/wp\/v2\/pages\/59\/revisions\/1012"}],"wp:attachment":[{"href":"https:\/\/www.fyntech.de\/en\/wp-json\/wp\/v2\/media?parent=59"}],"curies":[{"name":"wp","href":"https:\/\/api.w.org\/{rel}","templated":true}]}}