{"id":436,"date":"2021-06-23T00:10:00","date_gmt":"2021-06-22T22:10:00","guid":{"rendered":"https:\/\/www.fyntech.de\/?page_id=436"},"modified":"2021-06-28T15:32:24","modified_gmt":"2021-06-28T13:32:24","slug":"fyntech-booking","status":"publish","type":"page","link":"https:\/\/www.fyntech.de\/en\/fyntech-booking\/","title":{"rendered":"FYNTech Technology Consulting: Booking"},"content":{"rendered":"<ul>\n<li><span>Salesforce Beratung: Sales Cloud &amp; Service Cloud<\/span><\/li>\n<li><span>Projektleitung: Einf\u00fchrung Salesforce Core Clouds und <span style=\"--tcb-applied-color:var$(--tcb-tpl-color-3)  !important;\">SAP-Salesforce Integrationsprojekte<\/span><span style=\"--tcb-applied-color:var$(--tcb-tpl-color-3)  !important;\"><\/span><span style=\"--tcb-applied-color:var$(--tcb-tpl-color-3)  !important;\"><\/span><\/span><\/li>\n<li><span style=\"\">Integrationsarchitektur und technische Konzeption mit bew\u00e4hrten Best Practices<\/span><\/li>\n<li><span style=\"\">Deutsch und Englisch, Planung und Durchf\u00fchrung internationaler Projekte und Roll-Outs <\/span><\/li>\n<li><span>Requirements Engineering: <span><span>\u00dcbergreifendes Datenmodell- und Prozessdesign in Salesforce-Systemen mit SAP Anbindung<\/span><\/span><span><\/span><span><\/span><span><\/span><\/span><\/li>\n<\/ul>\n<h3 style=\"\" id=\"t-1623312162128\"><strong><span style=\"color:  var(--tcb-tpl-color-5)  ;\">Frank Yukio<\/span> <span style=\"color: var(--tcb-tpl-color-0);\">Nedwed<\/span><\/strong><\/h3>\n<p style=\"\">SAP-Salesforce Integration Consultant<\/p>\n<h3 style=\"text-align: left;\">Beratungstermin vereinbaren<\/h3>\n<p style=\"text-align: left;\">\u00dcber dieses Formular k\u00f6nnen Sie direkt einen Beratungstermin vereinbaren.<\/p>\n<p style=\"text-align: left;\">\n<p style=\"text-align: left;\">Nach der Buchung erhalten Sie einen Link f\u00fcr eine gemeinsame Websession.&nbsp;<\/p>\n<p style=\"text-align: left;\">Sollten Sie Ihre eigene Meeting-Software beworzugen, senden Sie gerne Ihre eigene Einladung.<\/p>\n<p style=\"text-align: left;\">Die Zeit bleibt in jedem Fall f\u00fcr Sie geblockt.<\/p>\n<p style=\"text-align: left;\">\n<p style=\"text-align: left;\">Sollte die Seite nicht funktionieren, versuchen Sie es alternativ \u00fcber den folgenden Link: <a href=\"https:\/\/outlook.office365.com\/owa\/calendar\/FYNTechTechnologyConsulting1@FYNTech.onmicrosoft.com\/bookings\/\" style=\"outline: currentcolor none medium;\">Beratungstermin vereinbaren<\/a><\/p>\n<p><span><img loading=\"lazy\" decoding=\"async\" alt=\"SAP Salesforce Integration\" data-id=\"277\" data-init-width=\"1892\" data-init-height=\"802\" title=\"SAP Salesforce Integration\" src=\"https:\/\/www.fyntech.de\/wp-content\/uploads\/2021\/06\/2021-06-10_15h02_38-1.png\" data-width=\"438\" data-height=\"186\" style=\"\" width=\"438\" height=\"186\"><\/span><\/p>\n<h2 style=\"text-align: center;\">Projektreferenzen<\/h2>\n<p><span style=\"width: 100%;\"><img loading=\"lazy\" decoding=\"async\" alt=\"Referenz SAP Salesforce Integration SAP SD SAP CPI Sales Cloud\" title=\"Referenz SAP Salesforce Integration SAP SD SAP CPI Sales Cloud\" data-id=\"354\" src=\"https:\/\/www.fyntech.de\/wp-content\/uploads\/2021\/06\/Referenz_SD_CPI-1.png\" style=\"\" data-width=\"117\" data-height=\"117\" data-init-width=\"1135\" data-init-height=\"1136\" mt-d=\"0\" ml-d=\"0\" data-link-wrap=\"true\" width=\"117\" height=\"117\"><\/span><\/p>\n<h5 style=\"color:var(--tcb-color-1)  !important; --tcb-applied-color:var$(--tcb-color-1)  !important;\"><strong>Belegdatenintegration<\/strong><\/h5>\n<p>Technische Pr\u00fcforganisation<\/p>\n<p>Rolle: Stream-Lead Integration<\/p>\n<p style=\"color:var(--tcb-color-1)  !important; --tcb-applied-color:var$(--tcb-color-1)  !important;\">Einf\u00fchrung vollst\u00e4ndige Belegdatenintegration aus dem SAP SD Modul \u00fcber SAP Cloud Platform Integration in die Salesforce Sales Cloud<\/p>\n<p><span style=\"width: 100%;\"><img loading=\"lazy\" decoding=\"async\" alt=\"Referenz SAP Salesforce Integration SAP SD SAP PI SAP BW Sales Cloud Service Cloud\" title=\"Referenz SAP Salesforce Integration SAP SD SAP PI SAP BW Sales Cloud Service Cloud\" data-id=\"355\" src=\"https:\/\/www.fyntech.de\/wp-content\/uploads\/2021\/06\/Referenz_SD_PI_BW-1.png\" style=\"\" data-width=\"117\" data-height=\"117\" data-init-width=\"1346\" data-init-height=\"1319\" mt-d=\"0\" ml-d=\"0\" width=\"117\" height=\"117\"><\/span><\/p>\n<h5 style=\"color:var(--tcb-color-1)  !important; --tcb-applied-color:var$(--tcb-color-1)  !important;\"><strong>Salesforce Einf\u00fchrung mit Stamm- und Bewegungsdaten-integration<\/strong><\/h5>\n<p>Lebensmittelindustrie<\/p>\n<p>Rolle: Programmleiter und Stream-Lead Integration<\/p>\n<p style=\"color:var(--tcb-color-1)  !important; --tcb-applied-color:var$(--tcb-color-1)  !important;\">Europaweite Einf\u00fchrung der Sales Cloud und Service Cloud u.A. mit Integration der Kunden- und Materialstammdaten aus SAP \u00fcber SAP Process Integration (PI), sowie Integration der Rechnungsdaten aus SAP Business Warehouse<\/p>\n<p><span style=\"width: 100%;\"><img loading=\"lazy\" decoding=\"async\" alt=\"Referenz SAP Salesforce Integration SAP SD SAP PI Sales Cloud\" title=\"Referenz SAP Salesforce Integration SAP SD SAP PI Sales Cloud\" data-id=\"356\" src=\"https:\/\/www.fyntech.de\/wp-content\/uploads\/2021\/06\/Referenz_SD_PI-1.png\" style=\"\" data-width=\"117\" data-height=\"117\" data-init-width=\"1133\" data-init-height=\"1132\" mt-d=\"0\" ml-d=\"0\" width=\"117\" height=\"117\"><\/span><\/p>\n<h5 style=\"color:var(--tcb-color-1)  !important; --tcb-applied-color:var$(--tcb-color-1)  !important;\"><strong>Salesforce Einf\u00fchrung mit Stammdatenintegration<\/strong><\/h5>\n<p>Baustoffhersteller<\/p>\n<p>Rolle: Stream-Lead Integration<\/p>\n<p style=\"color:var(--tcb-color-1)  !important; --tcb-applied-color:var$(--tcb-color-1)  !important;\">Einf\u00fchrung der Salesforce Sales Cloud mit Integration der Kundenstammdaten aus SAP \u00fcber SAP PI und R\u00fccksynchronisation von Kontaktdaten nach SAP<\/p>\n<p><span style=\"width: 100%;\"><img loading=\"lazy\" decoding=\"async\" alt=\"Referenz SAP Salesforce Integration SAP SD Mulesoft Service Cloud\" title=\"Referenz SAP Salesforce Integration SAP SD Mulesoft Service Cloud\" data-id=\"353\" src=\"https:\/\/www.fyntech.de\/wp-content\/uploads\/2021\/06\/Referenz-SD-Mulesoft-1.png\" style=\"\" data-width=\"117\" data-height=\"117\" data-init-width=\"1132\" data-init-height=\"1132\" mt-d=\"0\" ml-d=\"0\" width=\"117\" height=\"117\"><\/span><\/p>\n<h5 style=\"color:var(--tcb-color-1)  !important; --tcb-applied-color:var$(--tcb-color-1)  !important;\"><strong>Konzeption Field-Service Integration<\/strong><\/h5>\n<p>Maschinenbau<\/p>\n<p>Rolle: Requirements Engineer<\/p>\n<p style=\"color:var(--tcb-color-1)  !important; --tcb-applied-color:var$(--tcb-color-1)  !important;\">Vollst\u00e4ndige Konzeption der Daten- und Prozessintegration f\u00fcr Service und Field Service Prozesse aus SAP SD \u00fcber Mulesoft nach Salesforce Service Cloud<\/p>\n<p><span style=\"width: 100%;\"><img loading=\"lazy\" decoding=\"async\" alt=\"Referenz SAP Salesforce Integration SAP SD Lobster data Service Cloud\" title=\"Referenz SAP Salesforce Integration SAP SD Lobster data Service Cloud\" data-id=\"352\" src=\"https:\/\/www.fyntech.de\/wp-content\/uploads\/2021\/06\/Referenz-SD-Lobster-data-1.png\" style=\"\" data-width=\"117\" data-height=\"117\" data-init-width=\"1132\" data-init-height=\"1132\" mt-d=\"0\" ml-d=\"0\" width=\"117\" height=\"117\"><\/span><\/p>\n<h5 style=\"color:var(--tcb-color-1)  !important; --tcb-applied-color:var$(--tcb-color-1)  !important;\"><strong>Einf\u00fchrung SALES Cloud mit Stamm- und Belegdaten-integration<\/strong><\/h5>\n<p>Warenhersteller<\/p>\n<p>Rolle: Projektleiter<\/p>\n<p style=\"color:var(--tcb-color-1)  !important; --tcb-applied-color:var$(--tcb-color-1)  !important;\">Einf\u00fchrung der Salesforce Sales Cloud und Integration der Kundendaten und Belegdaten aus SAP SD \u00fcber Middleware Lobster Data<\/p>\n<p><span style=\"width: 100%;\"><img loading=\"lazy\" decoding=\"async\" alt=\"Referenz SAP Salesforce Integration SAP SD SAP PI Sales Cloud\" title=\"Referenz SAP Salesforce Integration SAP SD SAP PI Sales Cloud\" data-id=\"356\" src=\"https:\/\/www.fyntech.de\/wp-content\/uploads\/2021\/06\/Referenz_SD_PI-1.png\" style=\"\" data-width=\"117\" data-height=\"117\" data-init-width=\"1133\" data-init-height=\"1132\" mt-d=\"0\" ml-d=\"0\" width=\"117\" height=\"117\"><\/span><\/p>\n<h5 style=\"color:var(--tcb-color-1)  !important; --tcb-applied-color:var$(--tcb-color-1)  !important;\"><strong> Stammdaten-integration<\/strong><\/h5>\n<p>Maschinenbauer<\/p>\n<p>Rolle: Projektleiter<\/p>\n<p style=\"color:var(--tcb-color-1)  !important; --tcb-applied-color:var$(--tcb-color-1)  !important;\">Integration der Kundenstammdaten aus SAP \u00fcber SAP PI und R\u00fccksynchronisation von neuen Kundendaten nach SAP<\/p>\n<p><span style=\"width: 100%;\"><img loading=\"lazy\" decoding=\"async\" alt=\"Referenz Service Cloud\" title=\"Referenz Service Cloud\" data-id=\"351\" src=\"https:\/\/www.fyntech.de\/wp-content\/uploads\/2021\/06\/Referenz-Service-Cloud-1.png\" style=\"\" data-width=\"117\" data-height=\"117\" data-init-width=\"677\" data-init-height=\"678\" mt-d=\"0\" ml-d=\"0\" width=\"117\" height=\"117\"><\/span><\/p>\n<h5 style=\"color:var(--tcb-color-1)  !important; --tcb-applied-color:var$(--tcb-color-1)  !important;\"><strong>Internationale Einf\u00fchrung Service Cloud<\/strong><\/h5>\n<p>Chemische Industrie<\/p>\n<p>Rolle: Projektleiter<\/p>\n<p style=\"color:var(--tcb-color-1)  !important; --tcb-applied-color:var$(--tcb-color-1)  !important;\">Globale Prozessharmonisierung des Servicebereichs und Prozessdigitalisierung mit der Salesforce Service Cloud<\/p>","protected":false},"excerpt":{"rendered":"<p>Salesforce Beratung: Sales Cloud &amp; Service Cloud Projektleitung: Einf\u00fchrung Salesforce Core Clouds und SAP-Salesforce Integrationsprojekte Integrationsarchitektur und technische Konzeption mit bew\u00e4hrten Best Practices Deutsch und Englisch, Planung und Durchf\u00fchrung internationaler Projekte und Roll-Outs Requirements Engineering: \u00dcbergreifendes Datenmodell- und Prozessdesign in &hellip;<\/p>\n<p class=\"read-more\"> <a class=\"more-link\" href=\"https:\/\/www.fyntech.de\/en\/fyntech-booking\/\"> <span class=\"screen-reader-text\">FYNTech Technology Consulting: Booking<\/span> Read More &raquo;<\/a><\/p>","protected":false},"author":1,"featured_media":355,"parent":0,"menu_order":0,"comment_status":"closed","ping_status":"closed","template":"","meta":{"protect_children":false,"_monsterinsights_skip_tracking":false,"_monsterinsights_sitenote_active":false,"_monsterinsights_sitenote_note":"","_monsterinsights_sitenote_category":0,"footnotes":""},"class_list":["post-436","page","type-page","status-publish","has-post-thumbnail","hentry"],"aioseo_notices":[],"_links":{"self":[{"href":"https:\/\/www.fyntech.de\/en\/wp-json\/wp\/v2\/pages\/436","targetHints":{"allow":["GET"]}}],"collection":[{"href":"https:\/\/www.fyntech.de\/en\/wp-json\/wp\/v2\/pages"}],"about":[{"href":"https:\/\/www.fyntech.de\/en\/wp-json\/wp\/v2\/types\/page"}],"author":[{"embeddable":true,"href":"https:\/\/www.fyntech.de\/en\/wp-json\/wp\/v2\/users\/1"}],"replies":[{"embeddable":true,"href":"https:\/\/www.fyntech.de\/en\/wp-json\/wp\/v2\/comments?post=436"}],"version-history":[{"count":11,"href":"https:\/\/www.fyntech.de\/en\/wp-json\/wp\/v2\/pages\/436\/revisions"}],"predecessor-version":[{"id":625,"href":"https:\/\/www.fyntech.de\/en\/wp-json\/wp\/v2\/pages\/436\/revisions\/625"}],"wp:featuredmedia":[{"embeddable":true,"href":"https:\/\/www.fyntech.de\/en\/wp-json\/wp\/v2\/media\/355"}],"wp:attachment":[{"href":"https:\/\/www.fyntech.de\/en\/wp-json\/wp\/v2\/media?parent=436"}],"curies":[{"name":"wp","href":"https:\/\/api.w.org\/{rel}","templated":true}]}}