{"id":1393,"date":"2023-02-19T20:39:01","date_gmt":"2023-02-19T18:39:01","guid":{"rendered":"https:\/\/www.fyntech.de\/?page_id=1393"},"modified":"2024-01-01T23:26:22","modified_gmt":"2024-01-01T21:26:22","slug":"fotos","status":"publish","type":"page","link":"https:\/\/www.fyntech.de\/en\/wedding\/fotos\/","title":{"rendered":"Fotos"},"content":{"rendered":"\t\t<div data-elementor-type=\"wp-page\" data-elementor-id=\"1393\" class=\"elementor elementor-1393\" data-elementor-post-type=\"page\">\n\t\t\t\t\t\t<section class=\"elementor-section elementor-top-section elementor-element elementor-element-bf3c9ae elementor-section-boxed elementor-section-height-default elementor-section-height-default\" data-id=\"bf3c9ae\" data-element_type=\"section\" data-e-type=\"section\" data-settings=\"{&quot;background_background&quot;:&quot;classic&quot;}\">\n\t\t\t\t\t\t<div class=\"elementor-container elementor-column-gap-default\">\n\t\t\t\t\t<div class=\"elementor-column elementor-col-50 elementor-top-column elementor-element elementor-element-9eed833\" data-id=\"9eed833\" data-element_type=\"column\" data-e-type=\"column\">\n\t\t\t<div class=\"elementor-widget-wrap elementor-element-populated\">\n\t\t\t\t\t\t<div class=\"elementor-element elementor-element-2e50d35 elementor-widget elementor-widget-image\" data-id=\"2e50d35\" data-element_type=\"widget\" data-e-type=\"widget\" data-widget_type=\"image.default\">\n\t\t\t\t<div class=\"elementor-widget-container\">\n\t\t\t\t\t\t\t\t\t\t\t\t\t\t\t\t<a href=\"https:\/\/1drv.ms\/f\/s!ApS9DnVKDtSCjPAVTYwsFD1u7rKGNg?e=4mXyJg\" target=\"_blank\">\n\t\t\t\t\t\t\t<img decoding=\"async\" width=\"200\" height=\"200\" src=\"https:\/\/www.fyntech.de\/wp-content\/uploads\/2023\/02\/download-200x200.png\" class=\"attachment-responsive-200 size-responsive-200 wp-image-1431\" alt=\"\" srcset=\"https:\/\/www.fyntech.de\/wp-content\/uploads\/2023\/02\/download-200x200.png 200w, https:\/\/www.fyntech.de\/wp-content\/uploads\/2023\/02\/download-300x300.png 300w, https:\/\/www.fyntech.de\/wp-content\/uploads\/2023\/02\/download-150x150.png 150w, https:\/\/www.fyntech.de\/wp-content\/uploads\/2023\/02\/download-768x768.png 768w, https:\/\/www.fyntech.de\/wp-content\/uploads\/2023\/02\/download-12x12.png 12w, https:\/\/www.fyntech.de\/wp-content\/uploads\/2023\/02\/download-100x100.png 100w, https:\/\/www.fyntech.de\/wp-content\/uploads\/2023\/02\/download-450x450.png 450w, https:\/\/www.fyntech.de\/wp-content\/uploads\/2023\/02\/download-600x600.png 600w, https:\/\/www.fyntech.de\/wp-content\/uploads\/2023\/02\/download.png 880w\" sizes=\"(max-width: 200px) 100vw, 200px\" \/>\t\t\t\t\t\t\t\t<\/a>\n\t\t\t\t\t\t\t\t\t\t\t\t\t\t\t<\/div>\n\t\t\t\t<\/div>\n\t\t\t\t\t<\/div>\n\t\t<\/div>\n\t\t\t\t<div class=\"elementor-column elementor-col-50 elementor-top-column elementor-element elementor-element-90e2571\" data-id=\"90e2571\" data-element_type=\"column\" data-e-type=\"column\">\n\t\t\t<div class=\"elementor-widget-wrap elementor-element-populated\">\n\t\t\t\t\t\t<div class=\"elementor-element elementor-element-2886f91 elementor-widget elementor-widget-heading\" data-id=\"2886f91\" data-element_type=\"widget\" data-e-type=\"widget\" data-widget_type=\"heading.default\">\n\t\t\t\t<div class=\"elementor-widget-container\">\n\t\t\t\t\t<h2 class=\"elementor-heading-title elementor-size-default\">Fotos<\/h2>\t\t\t\t<\/div>\n\t\t\t\t<\/div>\n\t\t\t\t<div class=\"elementor-element elementor-element-6dd17d3 elementor-widget elementor-widget-text-editor\" data-id=\"6dd17d3\" data-element_type=\"widget\" data-e-type=\"widget\" data-widget_type=\"text-editor.default\">\n\t\t\t\t<div class=\"elementor-widget-container\">\n\t\t\t\t\t\t\t\t\t<p>Klickt einfach auf das Bild auf der linken Seite, um auf die Seite mit den Fotos zu gelangen.<br \/>Das Passwort ist dasselbe wie das der Webseite.<\/p><p>Schickt uns auch gerne eure eigenen Fotos und Schnappsch\u00fcsse!<br \/>Entweder \u00fcber das Formular unten, an familienedwed@outlook.com oder via einen beliebigen anderen Kanal.<\/p>\t\t\t\t\t\t\t\t<\/div>\n\t\t\t\t<\/div>\n\t\t\t\t\t<\/div>\n\t\t<\/div>\n\t\t\t\t\t<\/div>\n\t\t<\/section>\n\t\t\t\t<section class=\"elementor-section elementor-top-section elementor-element elementor-element-358481a elementor-section-boxed elementor-section-height-default elementor-section-height-default\" data-id=\"358481a\" data-element_type=\"section\" data-e-type=\"section\" data-settings=\"{&quot;background_background&quot;:&quot;classic&quot;}\">\n\t\t\t\t\t\t<div class=\"elementor-container elementor-column-gap-default\">\n\t\t\t\t\t<div class=\"elementor-column elementor-col-50 elementor-top-column elementor-element elementor-element-c430ec7\" data-id=\"c430ec7\" data-element_type=\"column\" data-e-type=\"column\">\n\t\t\t<div class=\"elementor-widget-wrap elementor-element-populated\">\n\t\t\t\t\t\t<div class=\"elementor-element elementor-element-3f30853 elementor-widget elementor-widget-heading\" data-id=\"3f30853\" data-element_type=\"widget\" data-e-type=\"widget\" data-widget_type=\"heading.default\">\n\t\t\t\t<div class=\"elementor-widget-container\">\n\t\t\t\t\t<h2 class=\"elementor-heading-title elementor-size-default\">Eure Fotos<\/h2>\t\t\t\t<\/div>\n\t\t\t\t<\/div>\n\t\t\t\t<div class=\"elementor-element elementor-element-c5ebb2f elementor-widget elementor-widget-text-editor\" data-id=\"c5ebb2f\" data-element_type=\"widget\" data-e-type=\"widget\" data-widget_type=\"text-editor.default\">\n\t\t\t\t<div class=\"elementor-widget-container\">\n\t\t\t\t\t\t\t\t\t<p>Mit dem Formular auf der rechten Seite k\u00f6nnt Ihr Eure Fotos vom Event hochladen.<\/p>\t\t\t\t\t\t\t\t<\/div>\n\t\t\t\t<\/div>\n\t\t\t\t\t<\/div>\n\t\t<\/div>\n\t\t\t\t<div class=\"elementor-column elementor-col-50 elementor-top-column elementor-element elementor-element-9de69fb\" data-id=\"9de69fb\" data-element_type=\"column\" data-e-type=\"column\">\n\t\t\t<div class=\"elementor-widget-wrap elementor-element-populated\">\n\t\t\t\t\t\t<div class=\"elementor-element elementor-element-1e206d8 elementor-button-align-stretch elementor-widget elementor-widget-form\" data-id=\"1e206d8\" data-element_type=\"widget\" data-e-type=\"widget\" data-settings=\"{&quot;step_next_label&quot;:&quot;N\\u00e4chster&quot;,&quot;step_previous_label&quot;:&quot;Voriger&quot;,&quot;button_width&quot;:&quot;100&quot;,&quot;step_type&quot;:&quot;number_text&quot;,&quot;step_icon_shape&quot;:&quot;circle&quot;}\" data-widget_type=\"form.default\">\n\t\t\t\t<div class=\"elementor-widget-container\">\n\t\t\t\t\t\t\t<form class=\"elementor-form\" method=\"post\" name=\"Wedding Anmeldung\" aria-label=\"Wedding Anmeldung\">\n\t\t\t<input type=\"hidden\" name=\"post_id\" value=\"1393\"\/>\n\t\t\t<input type=\"hidden\" name=\"form_id\" value=\"1e206d8\"\/>\n\t\t\t<input type=\"hidden\" name=\"referer_title\" value=\"Fotos\" \/>\n\n\t\t\t\t\t\t\t<input type=\"hidden\" name=\"queried_id\" value=\"1393\"\/>\n\t\t\t\n\t\t\t<div class=\"elementor-form-fields-wrapper elementor-labels-above\">\n\t\t\t\t\t\t\t\t<div class=\"elementor-field-type-text elementor-field-group elementor-column elementor-field-group-name elementor-col-100 elementor-field-required\">\n\t\t\t\t\t\t\t\t\t\t\t\t<label for=\"form-field-name\" class=\"elementor-field-label\">\n\t\t\t\t\t\t\t\tName(n)\t\t\t\t\t\t\t<\/label>\n\t\t\t\t\t\t\t\t\t\t\t\t\t\t<input size=\"1\" type=\"text\" name=\"form_fields[name]\" id=\"form-field-name\" class=\"elementor-field elementor-size-sm  elementor-field-textual\" placeholder=\"Name\" required=\"required\">\n\t\t\t\t\t\t\t\t\t\t\t<\/div>\n\t\t\t\t\t\t\t\t<div class=\"elementor-field-type-upload elementor-field-group elementor-column elementor-field-group-field_5f60b5c elementor-col-100\">\n\t\t\t\t\t\t\t\t\t\t\t\t<label for=\"form-field-field_5f60b5c\" class=\"elementor-field-label\">\n\t\t\t\t\t\t\t\tDatei Upload\t\t\t\t\t\t\t<\/label>\n\t\t\t\t\t\t\t\t<input type=\"file\" name=\"form_fields[field_5f60b5c][]\" id=\"form-field-field_5f60b5c\" class=\"elementor-field elementor-size-sm  elementor-upload-field\" multiple=\"multiple\" data-maxsize=\"128\" data-maxsize-message=\"Diese Datei \u00fcbersteigt die maximale Dateigr\u00f6\u00dfe.\">\n\n\t\t\t\t\t\t<\/div>\n\t\t\t\t\t\t\t\t<div class=\"elementor-field-type-textarea elementor-field-group elementor-column elementor-field-group-field_71ca27b elementor-col-100\">\n\t\t\t\t\t\t\t\t\t\t\t\t<label for=\"form-field-field_71ca27b\" class=\"elementor-field-label\">\n\t\t\t\t\t\t\t\tKommentar\t\t\t\t\t\t\t<\/label>\n\t\t\t\t\t\t<textarea class=\"elementor-field-textual elementor-field  elementor-size-sm\" name=\"form_fields[field_71ca27b]\" id=\"form-field-field_71ca27b\" rows=\"4\" placeholder=\"Falls du uns sonst noch was sagen m\u00f6chtest\"><\/textarea>\t\t\t\t<\/div>\n\t\t\t\t\t\t\t\t<div class=\"elementor-field-group elementor-column elementor-field-type-submit elementor-col-100 e-form__buttons\">\n\t\t\t\t\t<button class=\"elementor-button elementor-size-sm\" type=\"submit\">\n\t\t\t\t\t\t<span class=\"elementor-button-content-wrapper\">\n\t\t\t\t\t\t\t\t\t\t\t\t\t\t\t\t\t\t\t\t\t\t<span class=\"elementor-button-text\">Senden<\/span>\n\t\t\t\t\t\t\t\t\t\t\t\t\t<\/span>\n\t\t\t\t\t<\/button>\n\t\t\t\t<\/div>\n\t\t\t<\/div>\n\t\t<\/form>\n\t\t\t\t\t\t<\/div>\n\t\t\t\t<\/div>\n\t\t\t\t\t<\/div>\n\t\t<\/div>\n\t\t\t\t\t<\/div>\n\t\t<\/section>\n\t\t\t\t<\/div>\n\t\t","protected":false},"excerpt":{"rendered":"<p>Fotos Klickt einfach auf das Bild auf der linken Seite, um auf die Seite mit den Fotos zu gelangen.Das Passwort ist dasselbe wie das der Webseite. Schickt uns auch gerne eure eigenen Fotos und Schnappsch\u00fcsse!Entweder \u00fcber das Formular unten, an &hellip;<\/p>\n<p class=\"read-more\"> <a class=\"more-link\" href=\"https:\/\/www.fyntech.de\/en\/wedding\/fotos\/\"> <span class=\"screen-reader-text\">Fotos<\/span> Read More &raquo;<\/a><\/p>","protected":false},"author":1,"featured_media":0,"parent":1111,"menu_order":0,"comment_status":"closed","ping_status":"closed","template":"elementor_header_footer","meta":{"protect_children":false,"_monsterinsights_skip_tracking":false,"_monsterinsights_sitenote_active":false,"_monsterinsights_sitenote_note":"","_monsterinsights_sitenote_category":0,"footnotes":""},"class_list":["post-1393","page","type-page","status-publish","hentry"],"aioseo_notices":[],"_links":{"self":[{"href":"https:\/\/www.fyntech.de\/en\/wp-json\/wp\/v2\/pages\/1393","targetHints":{"allow":["GET"]}}],"collection":[{"href":"https:\/\/www.fyntech.de\/en\/wp-json\/wp\/v2\/pages"}],"about":[{"href":"https:\/\/www.fyntech.de\/en\/wp-json\/wp\/v2\/types\/page"}],"author":[{"embeddable":true,"href":"https:\/\/www.fyntech.de\/en\/wp-json\/wp\/v2\/users\/1"}],"replies":[{"embeddable":true,"href":"https:\/\/www.fyntech.de\/en\/wp-json\/wp\/v2\/comments?post=1393"}],"version-history":[{"count":28,"href":"https:\/\/www.fyntech.de\/en\/wp-json\/wp\/v2\/pages\/1393\/revisions"}],"predecessor-version":[{"id":1671,"href":"https:\/\/www.fyntech.de\/en\/wp-json\/wp\/v2\/pages\/1393\/revisions\/1671"}],"up":[{"embeddable":true,"href":"https:\/\/www.fyntech.de\/en\/wp-json\/wp\/v2\/pages\/1111"}],"wp:attachment":[{"href":"https:\/\/www.fyntech.de\/en\/wp-json\/wp\/v2\/media?parent=1393"}],"curies":[{"name":"wp","href":"https:\/\/api.w.org\/{rel}","templated":true}]}}