{"id":1166,"date":"2023-02-19T16:45:09","date_gmt":"2023-02-19T14:45:09","guid":{"rendered":"https:\/\/www.fyntech.de\/?page_id=1166"},"modified":"2023-02-20T01:23:21","modified_gmt":"2023-02-19T23:23:21","slug":"kontakt","status":"publish","type":"page","link":"https:\/\/www.fyntech.de\/en\/wedding\/kontakt\/","title":{"rendered":"Kontakt"},"content":{"rendered":"<div data-elementor-type=\"wp-page\" data-elementor-id=\"1166\" class=\"elementor elementor-1166\" data-elementor-post-type=\"page\">\n\t\t\t\t\t\t<section class=\"elementor-section elementor-top-section elementor-element elementor-element-3cf7252 elementor-section-boxed elementor-section-height-default elementor-section-height-default\" data-id=\"3cf7252\" data-element_type=\"section\" data-e-type=\"section\" data-settings=\"{&quot;background_background&quot;:&quot;classic&quot;}\">\n\t\t\t\t\t\t<div class=\"elementor-container elementor-column-gap-default\">\n\t\t\t\t\t<div class=\"elementor-column elementor-col-50 elementor-top-column elementor-element elementor-element-1b0f50e\" data-id=\"1b0f50e\" data-element_type=\"column\" data-e-type=\"column\">\n\t\t\t<div class=\"elementor-widget-wrap elementor-element-populated\">\n\t\t\t\t\t\t<div class=\"elementor-element elementor-element-ebb8970 elementor-widget elementor-widget-image\" data-id=\"ebb8970\" data-element_type=\"widget\" data-e-type=\"widget\" data-widget_type=\"image.default\">\n\t\t\t\t<div class=\"elementor-widget-container\">\n\t\t\t\t\t\t\t\t\t\t\t\t\t\t\t<img fetchpriority=\"high\" decoding=\"async\" width=\"450\" height=\"675\" src=\"https:\/\/www.fyntech.de\/wp-content\/uploads\/2023\/02\/DSC_4929-1-450x675.jpg\" class=\"attachment-responsive-450 size-responsive-450 wp-image-1352\" alt=\"\" srcset=\"https:\/\/www.fyntech.de\/wp-content\/uploads\/2023\/02\/DSC_4929-1-450x675.jpg 450w, https:\/\/www.fyntech.de\/wp-content\/uploads\/2023\/02\/DSC_4929-1-200x300.jpg 200w, https:\/\/www.fyntech.de\/wp-content\/uploads\/2023\/02\/DSC_4929-1-683x1024.jpg 683w, https:\/\/www.fyntech.de\/wp-content\/uploads\/2023\/02\/DSC_4929-1-768x1152.jpg 768w, https:\/\/www.fyntech.de\/wp-content\/uploads\/2023\/02\/DSC_4929-1-1024x1536.jpg 1024w, https:\/\/www.fyntech.de\/wp-content\/uploads\/2023\/02\/DSC_4929-1-1365x2048.jpg 1365w, https:\/\/www.fyntech.de\/wp-content\/uploads\/2023\/02\/DSC_4929-1-8x12.jpg 8w, https:\/\/www.fyntech.de\/wp-content\/uploads\/2023\/02\/DSC_4929-1-100x150.jpg 100w, https:\/\/www.fyntech.de\/wp-content\/uploads\/2023\/02\/DSC_4929-1-150x225.jpg 150w, https:\/\/www.fyntech.de\/wp-content\/uploads\/2023\/02\/DSC_4929-1-300x450.jpg 300w, https:\/\/www.fyntech.de\/wp-content\/uploads\/2023\/02\/DSC_4929-1-600x900.jpg 600w, https:\/\/www.fyntech.de\/wp-content\/uploads\/2023\/02\/DSC_4929-1-900x1350.jpg 900w, https:\/\/www.fyntech.de\/wp-content\/uploads\/2023\/02\/DSC_4929-1-scaled.jpg 1707w\" sizes=\"(max-width: 450px) 100vw, 450px\" \/>\t\t\t\t\t\t\t\t\t\t\t\t\t\t\t<\/div>\n\t\t\t\t<\/div>\n\t\t\t\t\t<\/div>\n\t\t<\/div>\n\t\t\t\t<div class=\"elementor-column elementor-col-50 elementor-top-column elementor-element elementor-element-c77d018\" data-id=\"c77d018\" data-element_type=\"column\" data-e-type=\"column\">\n\t\t\t<div class=\"elementor-widget-wrap elementor-element-populated\">\n\t\t\t\t\t\t<div class=\"elementor-element elementor-element-03ee493 elementor-widget elementor-widget-heading\" data-id=\"03ee493\" data-element_type=\"widget\" data-e-type=\"widget\" data-widget_type=\"heading.default\">\n\t\t\t\t<div class=\"elementor-widget-container\">\n\t\t\t\t\t<h2 class=\"elementor-heading-title elementor-size-default\">Kontakt<\/h2>\t\t\t\t<\/div>\n\t\t\t\t<\/div>\n\t\t\t\t<div class=\"elementor-element elementor-element-6ffb14e elementor-widget elementor-widget-text-editor\" data-id=\"6ffb14e\" data-element_type=\"widget\" data-e-type=\"widget\" data-widget_type=\"text-editor.default\">\n\t\t\t\t<div class=\"elementor-widget-container\">\n\t\t\t\t\t\t\t\t\t<p>Solltet Ihr Anmerkungen, Fragen oder sonstwas f\u00fcr uns haben, k\u00f6nnt Ihr uns jederzeit erreichen unter <a href=\"mailto:wedding@fyntech.de\">wedding@fyntech.de<\/a><\/p><p>Oder eben ganz normal \u00fcber den Direktkontakt.<\/p>\t\t\t\t\t\t\t\t<\/div>\n\t\t\t\t<\/div>\n\t\t\t\t\t<\/div>\n\t\t<\/div>\n\t\t\t\t\t<\/div>\n\t\t<\/section>\n\t\t\t\t<\/div>","protected":false},"excerpt":{"rendered":"<p>Kontakt Solltet Ihr Anmerkungen, Fragen oder sonstwas f\u00fcr uns haben, k\u00f6nnt Ihr uns jederzeit erreichen unter wedding@fyntech.de Oder eben ganz normal \u00fcber den Direktkontakt.<\/p>","protected":false},"author":1,"featured_media":0,"parent":1111,"menu_order":0,"comment_status":"closed","ping_status":"closed","template":"elementor_header_footer","meta":{"protect_children":false,"_monsterinsights_skip_tracking":false,"_monsterinsights_sitenote_active":false,"_monsterinsights_sitenote_note":"","_monsterinsights_sitenote_category":0,"footnotes":""},"class_list":["post-1166","page","type-page","status-publish","hentry"],"aioseo_notices":[],"_links":{"self":[{"href":"https:\/\/www.fyntech.de\/en\/wp-json\/wp\/v2\/pages\/1166","targetHints":{"allow":["GET"]}}],"collection":[{"href":"https:\/\/www.fyntech.de\/en\/wp-json\/wp\/v2\/pages"}],"about":[{"href":"https:\/\/www.fyntech.de\/en\/wp-json\/wp\/v2\/types\/page"}],"author":[{"embeddable":true,"href":"https:\/\/www.fyntech.de\/en\/wp-json\/wp\/v2\/users\/1"}],"replies":[{"embeddable":true,"href":"https:\/\/www.fyntech.de\/en\/wp-json\/wp\/v2\/comments?post=1166"}],"version-history":[{"count":10,"href":"https:\/\/www.fyntech.de\/en\/wp-json\/wp\/v2\/pages\/1166\/revisions"}],"predecessor-version":[{"id":1492,"href":"https:\/\/www.fyntech.de\/en\/wp-json\/wp\/v2\/pages\/1166\/revisions\/1492"}],"up":[{"embeddable":true,"href":"https:\/\/www.fyntech.de\/en\/wp-json\/wp\/v2\/pages\/1111"}],"wp:attachment":[{"href":"https:\/\/www.fyntech.de\/en\/wp-json\/wp\/v2\/media?parent=1166"}],"curies":[{"name":"wp","href":"https:\/\/api.w.org\/{rel}","templated":true}]}}