{"id":1162,"date":"2023-02-19T16:44:18","date_gmt":"2023-02-19T14:44:18","guid":{"rendered":"https:\/\/www.fyntech.de\/?page_id=1162"},"modified":"2023-03-20T00:31:53","modified_gmt":"2023-03-19T22:31:53","slug":"events-dresscode","status":"publish","type":"page","link":"https:\/\/www.fyntech.de\/en\/wedding\/events-dresscode\/","title":{"rendered":"Events"},"content":{"rendered":"<div data-elementor-type=\"wp-page\" data-elementor-id=\"1162\" class=\"elementor elementor-1162\" data-elementor-post-type=\"page\">\n\t\t\t\t\t\t<section class=\"elementor-section elementor-top-section elementor-element elementor-element-8bc6351 elementor-section-boxed elementor-section-height-default elementor-section-height-default\" data-id=\"8bc6351\" data-element_type=\"section\" data-e-type=\"section\" data-settings=\"{&quot;background_background&quot;:&quot;classic&quot;}\">\n\t\t\t\t\t\t<div class=\"elementor-container elementor-column-gap-default\">\n\t\t\t\t\t<div class=\"elementor-column elementor-col-50 elementor-top-column elementor-element elementor-element-edf9bcc\" data-id=\"edf9bcc\" data-element_type=\"column\" data-e-type=\"column\">\n\t\t\t<div class=\"elementor-widget-wrap elementor-element-populated\">\n\t\t\t\t\t\t<div class=\"elementor-element elementor-element-1845cac elementor-widget elementor-widget-heading\" data-id=\"1845cac\" data-element_type=\"widget\" data-e-type=\"widget\" data-widget_type=\"heading.default\">\n\t\t\t\t<div class=\"elementor-widget-container\">\n\t\t\t\t\t<h2 class=\"elementor-heading-title elementor-size-default\">Events<\/h2>\t\t\t\t<\/div>\n\t\t\t\t<\/div>\n\t\t\t\t<div class=\"elementor-element elementor-element-12ccf6e elementor-widget elementor-widget-text-editor\" data-id=\"12ccf6e\" data-element_type=\"widget\" data-e-type=\"widget\" data-widget_type=\"text-editor.default\">\n\t\t\t\t<div class=\"elementor-widget-container\">\n\t\t\t\t\t\t\t\t\t<div id=\"elementor-tab-content-9855\" class=\"elementor-tab-content elementor-clearfix elementor-active\" tabindex=\"0\" role=\"tabpanel\" data-tab=\"5\" aria-labelledby=\"elementor-tab-title-9855\"><p>Die Eventplanung haben wir vertrauensvoll in die H\u00e4nde unserer Trauredner Kevin und Jakob \u00fcbergeben. Solltet Ihr also etwas Besonderes planen, sprecht Euch bitte mit den Beiden ab via <a href=\"mailto:trauredner@fyntech.de\">Trauredner-Mail <\/a>(Mails an diese Adrese k\u00f6nnen wir selbst nicht sehen)<\/p><p>Solltet Ihr Fragen an uns haben, k\u00f6nnt Ihr uns jederzeit erreichen unter <a href=\"mailto:wedding@fyntech.de\">wedding@fyntech.de<\/a><\/p><\/div>\t\t\t\t\t\t\t\t<\/div>\n\t\t\t\t<\/div>\n\t\t\t\t\t<\/div>\n\t\t<\/div>\n\t\t\t\t<div class=\"elementor-column elementor-col-50 elementor-top-column elementor-element elementor-element-68e1a7d\" data-id=\"68e1a7d\" data-element_type=\"column\" data-e-type=\"column\">\n\t\t\t<div class=\"elementor-widget-wrap elementor-element-populated\">\n\t\t\t\t\t\t<div class=\"elementor-element elementor-element-acbfdee elementor-countdown--label-block elementor-widget elementor-widget-countdown\" data-id=\"acbfdee\" data-element_type=\"widget\" data-e-type=\"widget\" data-widget_type=\"countdown.default\">\n\t\t\t\t<div class=\"elementor-widget-container\">\n\t\t\t\t\t\t\t<div class=\"elementor-countdown-wrapper\" data-date=\"1698494400\">\n\t\t\t<div class=\"elementor-countdown-item\"><span class=\"elementor-countdown-digits elementor-countdown-days\"><\/span> <span class=\"elementor-countdown-label\">Tage<\/span><\/div><div class=\"elementor-countdown-item\"><span class=\"elementor-countdown-digits elementor-countdown-hours\"><\/span> <span class=\"elementor-countdown-label\">Stunden<\/span><\/div><div class=\"elementor-countdown-item\"><span class=\"elementor-countdown-digits elementor-countdown-minutes\"><\/span> <span class=\"elementor-countdown-label\">Minuten<\/span><\/div>\t\t<\/div>\n\t\t\t\t\t\t<\/div>\n\t\t\t\t<\/div>\n\t\t\t\t\t<\/div>\n\t\t<\/div>\n\t\t\t\t\t<\/div>\n\t\t<\/section>\n\t\t\t\t<section class=\"elementor-section elementor-top-section elementor-element elementor-element-69f5a79 elementor-section-boxed elementor-section-height-default elementor-section-height-default\" data-id=\"69f5a79\" data-element_type=\"section\" data-e-type=\"section\" data-settings=\"{&quot;background_background&quot;:&quot;classic&quot;}\">\n\t\t\t\t\t\t<div class=\"elementor-container elementor-column-gap-default\">\n\t\t\t\t\t<div class=\"elementor-column elementor-col-50 elementor-top-column elementor-element elementor-element-0416ceb\" data-id=\"0416ceb\" data-element_type=\"column\" data-e-type=\"column\">\n\t\t\t<div class=\"elementor-widget-wrap elementor-element-populated\">\n\t\t\t\t\t\t<div class=\"elementor-element elementor-element-53a1b5f elementor-widget elementor-widget-image\" data-id=\"53a1b5f\" data-element_type=\"widget\" data-e-type=\"widget\" data-widget_type=\"image.default\">\n\t\t\t\t<div class=\"elementor-widget-container\">\n\t\t\t\t\t\t\t\t\t\t\t\t\t\t\t<img fetchpriority=\"high\" decoding=\"async\" width=\"450\" height=\"270\" src=\"https:\/\/www.fyntech.de\/wp-content\/uploads\/2023\/02\/7-450x270.jpeg\" class=\"attachment-responsive-450 size-responsive-450 wp-image-1401\" alt=\"\" srcset=\"https:\/\/www.fyntech.de\/wp-content\/uploads\/2023\/02\/7-450x270.jpeg 450w, https:\/\/www.fyntech.de\/wp-content\/uploads\/2023\/02\/7-300x180.jpeg 300w, https:\/\/www.fyntech.de\/wp-content\/uploads\/2023\/02\/7-1024x615.jpeg 1024w, https:\/\/www.fyntech.de\/wp-content\/uploads\/2023\/02\/7-768x461.jpeg 768w, https:\/\/www.fyntech.de\/wp-content\/uploads\/2023\/02\/7-18x12.jpeg 18w, https:\/\/www.fyntech.de\/wp-content\/uploads\/2023\/02\/7-100x60.jpeg 100w, https:\/\/www.fyntech.de\/wp-content\/uploads\/2023\/02\/7-150x90.jpeg 150w, https:\/\/www.fyntech.de\/wp-content\/uploads\/2023\/02\/7-200x120.jpeg 200w, https:\/\/www.fyntech.de\/wp-content\/uploads\/2023\/02\/7-600x360.jpeg 600w, https:\/\/www.fyntech.de\/wp-content\/uploads\/2023\/02\/7-900x540.jpeg 900w, https:\/\/www.fyntech.de\/wp-content\/uploads\/2023\/02\/7.jpeg 1536w\" sizes=\"(max-width: 450px) 100vw, 450px\" \/>\t\t\t\t\t\t\t\t\t\t\t\t\t\t\t<\/div>\n\t\t\t\t<\/div>\n\t\t\t\t\t<\/div>\n\t\t<\/div>\n\t\t\t\t<div class=\"elementor-column elementor-col-50 elementor-top-column elementor-element elementor-element-e738f9c\" data-id=\"e738f9c\" data-element_type=\"column\" data-e-type=\"column\">\n\t\t\t<div class=\"elementor-widget-wrap elementor-element-populated\">\n\t\t\t\t\t\t<div class=\"elementor-element elementor-element-cc5a57c elementor-widget elementor-widget-heading\" data-id=\"cc5a57c\" data-element_type=\"widget\" data-e-type=\"widget\" data-widget_type=\"heading.default\">\n\t\t\t\t<div class=\"elementor-widget-container\">\n\t\t\t\t\t<h2 class=\"elementor-heading-title elementor-size-default\">Dresscode<\/h2>\t\t\t\t<\/div>\n\t\t\t\t<\/div>\n\t\t\t\t<div class=\"elementor-element elementor-element-35cdf34 elementor-widget elementor-widget-text-editor\" data-id=\"35cdf34\" data-element_type=\"widget\" data-e-type=\"widget\" data-widget_type=\"text-editor.default\">\n\t\t\t\t<div class=\"elementor-widget-container\">\n\t\t\t\t\t\t\t\t\t<p>Hauptsache schick!<\/p><p>Lediglich auf wei\u00dfe Kleider und helle Anz\u00fcge w\u00fcrden wir Euch bitten zu verzichten.<\/p>\t\t\t\t\t\t\t\t<\/div>\n\t\t\t\t<\/div>\n\t\t\t\t\t<\/div>\n\t\t<\/div>\n\t\t\t\t\t<\/div>\n\t\t<\/section>\n\t\t\t\t<\/div>","protected":false},"excerpt":{"rendered":"<p>Events Die Eventplanung haben wir vertrauensvoll in die H\u00e4nde unserer Trauredner Kevin und Jakob \u00fcbergeben. Solltet Ihr also etwas Besonderes planen, sprecht Euch bitte mit den Beiden ab via Trauredner-Mail (Mails an diese Adrese k\u00f6nnen wir selbst nicht sehen) Solltet &hellip;<\/p>\n<p class=\"read-more\"> <a class=\"more-link\" href=\"https:\/\/www.fyntech.de\/en\/wedding\/events-dresscode\/\"> <span class=\"screen-reader-text\">Events<\/span> Read More &raquo;<\/a><\/p>","protected":false},"author":1,"featured_media":0,"parent":1111,"menu_order":0,"comment_status":"closed","ping_status":"closed","template":"elementor_header_footer","meta":{"protect_children":false,"_monsterinsights_skip_tracking":false,"_monsterinsights_sitenote_active":false,"_monsterinsights_sitenote_note":"","_monsterinsights_sitenote_category":0,"footnotes":""},"class_list":["post-1162","page","type-page","status-publish","hentry"],"aioseo_notices":[],"_links":{"self":[{"href":"https:\/\/www.fyntech.de\/en\/wp-json\/wp\/v2\/pages\/1162","targetHints":{"allow":["GET"]}}],"collection":[{"href":"https:\/\/www.fyntech.de\/en\/wp-json\/wp\/v2\/pages"}],"about":[{"href":"https:\/\/www.fyntech.de\/en\/wp-json\/wp\/v2\/types\/page"}],"author":[{"embeddable":true,"href":"https:\/\/www.fyntech.de\/en\/wp-json\/wp\/v2\/users\/1"}],"replies":[{"embeddable":true,"href":"https:\/\/www.fyntech.de\/en\/wp-json\/wp\/v2\/comments?post=1162"}],"version-history":[{"count":35,"href":"https:\/\/www.fyntech.de\/en\/wp-json\/wp\/v2\/pages\/1162\/revisions"}],"predecessor-version":[{"id":1601,"href":"https:\/\/www.fyntech.de\/en\/wp-json\/wp\/v2\/pages\/1162\/revisions\/1601"}],"up":[{"embeddable":true,"href":"https:\/\/www.fyntech.de\/en\/wp-json\/wp\/v2\/pages\/1111"}],"wp:attachment":[{"href":"https:\/\/www.fyntech.de\/en\/wp-json\/wp\/v2\/media?parent=1162"}],"curies":[{"name":"wp","href":"https:\/\/api.w.org\/{rel}","templated":true}]}}