{"id":1158,"date":"2023-02-19T16:43:28","date_gmt":"2023-02-19T14:43:28","guid":{"rendered":"https:\/\/www.fyntech.de\/?page_id=1158"},"modified":"2023-03-19T18:38:10","modified_gmt":"2023-03-19T16:38:10","slug":"rsvp","status":"publish","type":"page","link":"https:\/\/www.fyntech.de\/en\/wedding\/rsvp\/","title":{"rendered":"RSVP"},"content":{"rendered":"\t\t<div data-elementor-type=\"wp-page\" data-elementor-id=\"1158\" class=\"elementor elementor-1158\" data-elementor-post-type=\"page\">\n\t\t\t\t\t\t<section class=\"elementor-section elementor-top-section elementor-element elementor-element-e6e9575 elementor-section-boxed elementor-section-height-default elementor-section-height-default\" data-id=\"e6e9575\" data-element_type=\"section\" data-e-type=\"section\" data-settings=\"{&quot;background_background&quot;:&quot;classic&quot;}\">\n\t\t\t\t\t\t<div class=\"elementor-container elementor-column-gap-default\">\n\t\t\t\t\t<div class=\"elementor-column elementor-col-50 elementor-top-column elementor-element elementor-element-a68e26e\" data-id=\"a68e26e\" data-element_type=\"column\" data-e-type=\"column\">\n\t\t\t<div class=\"elementor-widget-wrap elementor-element-populated\">\n\t\t\t\t\t\t<div class=\"elementor-element elementor-element-5a181c9 elementor-widget elementor-widget-heading\" data-id=\"5a181c9\" data-element_type=\"widget\" data-e-type=\"widget\" data-widget_type=\"heading.default\">\n\t\t\t\t<div class=\"elementor-widget-container\">\n\t\t\t\t\t<h2 class=\"elementor-heading-title elementor-size-default\">Zusagen<\/h2>\t\t\t\t<\/div>\n\t\t\t\t<\/div>\n\t\t\t\t<div class=\"elementor-element elementor-element-4449358 elementor-widget elementor-widget-text-editor\" data-id=\"4449358\" data-element_type=\"widget\" data-e-type=\"widget\" data-widget_type=\"text-editor.default\">\n\t\t\t\t<div class=\"elementor-widget-container\">\n\t\t\t\t\t\t\t\t\t<p>Bitte gebt uns bis zum 01.08.2023 \u00fcber das Formular Bescheid, ob und in welcher Konstellation Ihr kommt.<\/p><p>Bei wichtigen \u00c4nderungen werden wir Euch gerne \u00fcber die angegebene E-Mail nochmal informieren.<\/p>\t\t\t\t\t\t\t\t<\/div>\n\t\t\t\t<\/div>\n\t\t\t\t<div class=\"elementor-element elementor-element-75da785 elementor-countdown--label-block elementor-widget elementor-widget-countdown\" data-id=\"75da785\" data-element_type=\"widget\" data-e-type=\"widget\" data-widget_type=\"countdown.default\">\n\t\t\t\t<div class=\"elementor-widget-container\">\n\t\t\t\t\t\t\t<div class=\"elementor-countdown-wrapper\" data-date=\"1698494400\">\n\t\t\t<div class=\"elementor-countdown-item\"><span class=\"elementor-countdown-digits elementor-countdown-days\"><\/span> <span class=\"elementor-countdown-label\">Tage<\/span><\/div><div class=\"elementor-countdown-item\"><span class=\"elementor-countdown-digits elementor-countdown-hours\"><\/span> <span class=\"elementor-countdown-label\">Stunden<\/span><\/div><div class=\"elementor-countdown-item\"><span class=\"elementor-countdown-digits elementor-countdown-minutes\"><\/span> <span class=\"elementor-countdown-label\">Minuten<\/span><\/div>\t\t<\/div>\n\t\t\t\t\t\t<\/div>\n\t\t\t\t<\/div>\n\t\t\t\t<div class=\"elementor-element elementor-element-3a418ee elementor-widget elementor-widget-image\" data-id=\"3a418ee\" data-element_type=\"widget\" data-e-type=\"widget\" data-widget_type=\"image.default\">\n\t\t\t\t<div class=\"elementor-widget-container\">\n\t\t\t\t\t\t\t\t\t\t\t\t\t\t\t<img fetchpriority=\"high\" decoding=\"async\" width=\"605\" height=\"443\" src=\"https:\/\/www.fyntech.de\/wp-content\/uploads\/2023\/03\/IMG_4978-1024x750.jpeg\" class=\"attachment-large size-large wp-image-1549\" alt=\"\" srcset=\"https:\/\/www.fyntech.de\/wp-content\/uploads\/2023\/03\/IMG_4978-1024x750.jpeg 1024w, https:\/\/www.fyntech.de\/wp-content\/uploads\/2023\/03\/IMG_4978-300x220.jpeg 300w, https:\/\/www.fyntech.de\/wp-content\/uploads\/2023\/03\/IMG_4978-768x563.jpeg 768w, https:\/\/www.fyntech.de\/wp-content\/uploads\/2023\/03\/IMG_4978-1536x1125.jpeg 1536w, https:\/\/www.fyntech.de\/wp-content\/uploads\/2023\/03\/IMG_4978-16x12.jpeg 16w, https:\/\/www.fyntech.de\/wp-content\/uploads\/2023\/03\/IMG_4978-100x73.jpeg 100w, https:\/\/www.fyntech.de\/wp-content\/uploads\/2023\/03\/IMG_4978-150x110.jpeg 150w, https:\/\/www.fyntech.de\/wp-content\/uploads\/2023\/03\/IMG_4978-200x147.jpeg 200w, https:\/\/www.fyntech.de\/wp-content\/uploads\/2023\/03\/IMG_4978-450x330.jpeg 450w, https:\/\/www.fyntech.de\/wp-content\/uploads\/2023\/03\/IMG_4978-600x440.jpeg 600w, https:\/\/www.fyntech.de\/wp-content\/uploads\/2023\/03\/IMG_4978-900x659.jpeg 900w, https:\/\/www.fyntech.de\/wp-content\/uploads\/2023\/03\/IMG_4978.jpeg 1623w\" sizes=\"(max-width: 605px) 100vw, 605px\" \/>\t\t\t\t\t\t\t\t\t\t\t\t\t\t\t<\/div>\n\t\t\t\t<\/div>\n\t\t\t\t\t<\/div>\n\t\t<\/div>\n\t\t\t\t<div class=\"elementor-column elementor-col-50 elementor-top-column elementor-element elementor-element-3dee6f9\" data-id=\"3dee6f9\" data-element_type=\"column\" data-e-type=\"column\">\n\t\t\t<div class=\"elementor-widget-wrap elementor-element-populated\">\n\t\t\t\t\t\t<div class=\"elementor-element elementor-element-cc571ef elementor-button-align-stretch elementor-widget elementor-widget-form\" data-id=\"cc571ef\" data-element_type=\"widget\" data-e-type=\"widget\" data-settings=\"{&quot;step_next_label&quot;:&quot;N\\u00e4chster&quot;,&quot;step_previous_label&quot;:&quot;Voriger&quot;,&quot;button_width&quot;:&quot;100&quot;,&quot;step_type&quot;:&quot;number_text&quot;,&quot;step_icon_shape&quot;:&quot;circle&quot;}\" data-widget_type=\"form.default\">\n\t\t\t\t<div class=\"elementor-widget-container\">\n\t\t\t\t\t\t\t<form class=\"elementor-form\" method=\"post\" name=\"Wedding Anmeldung\" aria-label=\"Wedding Anmeldung\">\n\t\t\t<input type=\"hidden\" name=\"post_id\" value=\"1158\"\/>\n\t\t\t<input type=\"hidden\" name=\"form_id\" value=\"cc571ef\"\/>\n\t\t\t<input type=\"hidden\" name=\"referer_title\" value=\"RSVP\" \/>\n\n\t\t\t\t\t\t\t<input type=\"hidden\" name=\"queried_id\" value=\"1158\"\/>\n\t\t\t\n\t\t\t<div class=\"elementor-form-fields-wrapper elementor-labels-above\">\n\t\t\t\t\t\t\t\t<div class=\"elementor-field-type-text elementor-field-group elementor-column elementor-field-group-name elementor-col-100 elementor-field-required\">\n\t\t\t\t\t\t\t\t\t\t\t\t<label for=\"form-field-name\" class=\"elementor-field-label\">\n\t\t\t\t\t\t\t\tName(n)\t\t\t\t\t\t\t<\/label>\n\t\t\t\t\t\t\t\t\t\t\t\t\t\t<input size=\"1\" type=\"text\" name=\"form_fields[name]\" id=\"form-field-name\" class=\"elementor-field elementor-size-sm  elementor-field-textual\" placeholder=\"Name\" required=\"required\">\n\t\t\t\t\t\t\t\t\t\t\t<\/div>\n\t\t\t\t\t\t\t\t<div class=\"elementor-field-type-email elementor-field-group elementor-column elementor-field-group-email elementor-col-100 elementor-field-required\">\n\t\t\t\t\t\t\t\t\t\t\t\t<label for=\"form-field-email\" class=\"elementor-field-label\">\n\t\t\t\t\t\t\t\tE-Mail\t\t\t\t\t\t\t<\/label>\n\t\t\t\t\t\t\t\t\t\t\t\t\t\t<input size=\"1\" type=\"email\" name=\"form_fields[email]\" id=\"form-field-email\" class=\"elementor-field elementor-size-sm  elementor-field-textual\" placeholder=\"E-Mail\" required=\"required\">\n\t\t\t\t\t\t\t\t\t\t\t<\/div>\n\t\t\t\t\t\t\t\t<div class=\"elementor-field-type-select elementor-field-group elementor-column elementor-field-group-field_64e7574 elementor-col-100 elementor-field-required\">\n\t\t\t\t\t\t\t\t\t\t\t\t<label for=\"form-field-field_64e7574\" class=\"elementor-field-label\">\n\t\t\t\t\t\t\t\tRSVP\t\t\t\t\t\t\t<\/label>\n\t\t\t\t\t\t\t\t<div class=\"elementor-field elementor-select-wrapper remove-before \">\n\t\t\t<div class=\"select-caret-down-wrapper\">\n\t\t\t\t<i aria-hidden=\"true\" class=\"eicon-caret-down\"><\/i>\t\t\t<\/div>\n\t\t\t<select name=\"form_fields[field_64e7574]\" id=\"form-field-field_64e7574\" class=\"elementor-field-textual elementor-size-sm\" required=\"required\">\n\t\t\t\t\t\t\t\t\t<option value=\"Zusage - Ja, wir kommen\">Zusage - Ja, wir kommen<\/option>\n\t\t\t\t\t\t\t\t\t<option value=\"Zusage - Ja, ich komme allein\">Zusage - Ja, ich komme allein<\/option>\n\t\t\t\t\t\t\t\t\t<option value=\"Absage - Nein, ich kann leider nicht kommen\">Absage - Nein, ich kann leider nicht kommen<\/option>\n\t\t\t\t\t\t\t\t\t<option value=\"Wei\u00df noch nicht - Ich gebe euch aber z\u00fcgig Bescheid!\">Wei\u00df noch nicht - Ich gebe euch aber z\u00fcgig Bescheid!<\/option>\n\t\t\t\t\t\t\t<\/select>\n\t\t<\/div>\n\t\t\t\t\t\t<\/div>\n\t\t\t\t\t\t\t\t<div class=\"elementor-field-type-acceptance elementor-field-group elementor-column elementor-field-group-field_fb53e66 elementor-col-100\">\n\t\t\t\t\t\t\t<div class=\"elementor-field-subgroup\">\n\t\t\t<span class=\"elementor-field-option\">\n\t\t\t\t<input type=\"checkbox\" name=\"form_fields[field_fb53e66]\" id=\"form-field-field_fb53e66\" class=\"elementor-field elementor-size-sm  elementor-acceptance-field\">\n\t\t\t\t<label for=\"form-field-field_fb53e66\">Ich bringe noch einen Vierbeiner mit<\/label>\t\t\t<\/span>\n\t\t<\/div>\n\t\t\t\t\t\t<\/div>\n\t\t\t\t\t\t\t\t<div class=\"elementor-field-type-radio elementor-field-group elementor-column elementor-field-group-field_ae74d8c elementor-col-100\">\n\t\t\t\t\t\t\t\t\t\t\t\t<label for=\"form-field-field_ae74d8c\" class=\"elementor-field-label\">\n\t\t\t\t\t\t\t\tUnvertr\u00e4glichkeiten\t\t\t\t\t\t\t<\/label>\n\t\t\t\t\t\t<div class=\"elementor-field-subgroup  \"><span class=\"elementor-field-option\"><input type=\"radio\" value=\"Alles geht\" id=\"form-field-field_ae74d8c-0\" name=\"form_fields[field_ae74d8c]\"> <label for=\"form-field-field_ae74d8c-0\">Alles geht<\/label><\/span><span class=\"elementor-field-option\"><input type=\"radio\" value=\"Vegetarisch\" id=\"form-field-field_ae74d8c-1\" name=\"form_fields[field_ae74d8c]\"> <label for=\"form-field-field_ae74d8c-1\">Vegetarisch<\/label><\/span><span class=\"elementor-field-option\"><input type=\"radio\" value=\"Vegan\" id=\"form-field-field_ae74d8c-2\" name=\"form_fields[field_ae74d8c]\"> <label for=\"form-field-field_ae74d8c-2\">Vegan<\/label><\/span><span class=\"elementor-field-option\"><input type=\"radio\" value=\"Sonstiges (s. Kommentar)\" id=\"form-field-field_ae74d8c-3\" name=\"form_fields[field_ae74d8c]\"> <label for=\"form-field-field_ae74d8c-3\">Sonstiges (s. Kommentar)<\/label><\/span><\/div>\t\t\t\t<\/div>\n\t\t\t\t\t\t\t\t<div class=\"elementor-field-type-checkbox elementor-field-group elementor-column elementor-field-group-field_81e578b elementor-col-100\">\n\t\t\t\t\t\t\t\t\t\t\t\t<label for=\"form-field-field_81e578b\" class=\"elementor-field-label\">\n\t\t\t\t\t\t\t\tUpdates erhalten\t\t\t\t\t\t\t<\/label>\n\t\t\t\t\t\t<div class=\"elementor-field-subgroup  \"><span class=\"elementor-field-option\"><input type=\"checkbox\" value=\"Schickt mir\/uns bitte den Newsletter mit aktuellen Updates und \u00c4nderungen\" id=\"form-field-field_81e578b-0\" name=\"form_fields[field_81e578b]\"> <label for=\"form-field-field_81e578b-0\">Schickt mir\/uns bitte den Newsletter mit aktuellen Updates und \u00c4nderungen<\/label><\/span><\/div>\t\t\t\t<\/div>\n\t\t\t\t\t\t\t\t<div class=\"elementor-field-type-textarea elementor-field-group elementor-column elementor-field-group-field_71ca27b elementor-col-100\">\n\t\t\t\t\t\t\t\t\t\t\t\t<label for=\"form-field-field_71ca27b\" class=\"elementor-field-label\">\n\t\t\t\t\t\t\t\tKommentar\t\t\t\t\t\t\t<\/label>\n\t\t\t\t\t\t<textarea class=\"elementor-field-textual elementor-field  elementor-size-sm\" name=\"form_fields[field_71ca27b]\" id=\"form-field-field_71ca27b\" rows=\"4\" placeholder=\"Falls du uns sonst noch was sagen m\u00f6chtest\"><\/textarea>\t\t\t\t<\/div>\n\t\t\t\t\t\t\t\t<div class=\"elementor-field-type-checkbox elementor-field-group elementor-column elementor-field-group-field_90a35b7 elementor-col-100\">\n\t\t\t\t\t<div class=\"elementor-field-subgroup  \"><span class=\"elementor-field-option\"><input type=\"checkbox\" value=\"Ja, ich nehme am Gewinnspiel teil!\" id=\"form-field-field_90a35b7-0\" name=\"form_fields[field_90a35b7]\"> <label for=\"form-field-field_90a35b7-0\">Ja, ich nehme am Gewinnspiel teil!<\/label><\/span><\/div>\t\t\t\t<\/div>\n\t\t\t\t\t\t\t\t<div class=\"elementor-field-group elementor-column elementor-field-type-submit elementor-col-100 e-form__buttons\">\n\t\t\t\t\t<button class=\"elementor-button elementor-size-sm\" type=\"submit\">\n\t\t\t\t\t\t<span class=\"elementor-button-content-wrapper\">\n\t\t\t\t\t\t\t\t\t\t\t\t\t\t\t\t\t\t\t\t\t\t<span class=\"elementor-button-text\">Senden<\/span>\n\t\t\t\t\t\t\t\t\t\t\t\t\t<\/span>\n\t\t\t\t\t<\/button>\n\t\t\t\t<\/div>\n\t\t\t<\/div>\n\t\t<\/form>\n\t\t\t\t\t\t<\/div>\n\t\t\t\t<\/div>\n\t\t\t\t\t<\/div>\n\t\t<\/div>\n\t\t\t\t\t<\/div>\n\t\t<\/section>\n\t\t\t\t<\/div>\n\t\t","protected":false},"excerpt":{"rendered":"<p>Zusagen Bitte gebt uns bis zum 01.08.2023 \u00fcber das Formular Bescheid, ob und in welcher Konstellation Ihr kommt. Bei wichtigen \u00c4nderungen werden wir Euch gerne \u00fcber die angegebene E-Mail nochmal informieren. Tage Stunden Minuten<\/p>","protected":false},"author":1,"featured_media":0,"parent":1111,"menu_order":0,"comment_status":"closed","ping_status":"closed","template":"elementor_header_footer","meta":{"protect_children":false,"_monsterinsights_skip_tracking":false,"_monsterinsights_sitenote_active":false,"_monsterinsights_sitenote_note":"","_monsterinsights_sitenote_category":0,"footnotes":""},"class_list":["post-1158","page","type-page","status-publish","hentry"],"aioseo_notices":[],"_links":{"self":[{"href":"https:\/\/www.fyntech.de\/en\/wp-json\/wp\/v2\/pages\/1158","targetHints":{"allow":["GET"]}}],"collection":[{"href":"https:\/\/www.fyntech.de\/en\/wp-json\/wp\/v2\/pages"}],"about":[{"href":"https:\/\/www.fyntech.de\/en\/wp-json\/wp\/v2\/types\/page"}],"author":[{"embeddable":true,"href":"https:\/\/www.fyntech.de\/en\/wp-json\/wp\/v2\/users\/1"}],"replies":[{"embeddable":true,"href":"https:\/\/www.fyntech.de\/en\/wp-json\/wp\/v2\/comments?post=1158"}],"version-history":[{"count":46,"href":"https:\/\/www.fyntech.de\/en\/wp-json\/wp\/v2\/pages\/1158\/revisions"}],"predecessor-version":[{"id":1597,"href":"https:\/\/www.fyntech.de\/en\/wp-json\/wp\/v2\/pages\/1158\/revisions\/1597"}],"up":[{"embeddable":true,"href":"https:\/\/www.fyntech.de\/en\/wp-json\/wp\/v2\/pages\/1111"}],"wp:attachment":[{"href":"https:\/\/www.fyntech.de\/en\/wp-json\/wp\/v2\/media?parent=1158"}],"curies":[{"name":"wp","href":"https:\/\/api.w.org\/{rel}","templated":true}]}}