{"id":1020,"date":"2022-05-23T22:16:50","date_gmt":"2022-05-23T20:16:50","guid":{"rendered":"https:\/\/www.fyntech.de\/?page_id=1020"},"modified":"2022-05-23T23:01:53","modified_gmt":"2022-05-23T21:01:53","slug":"fuer-privatpersonen","status":"publish","type":"page","link":"https:\/\/www.fyntech.de\/en\/life-performance\/fuer-privatpersonen\/","title":{"rendered":"F\u00fcr Privatpersonen"},"content":{"rendered":"<div data-elementor-type=\"wp-page\" data-elementor-id=\"1020\" class=\"elementor elementor-1020\" data-elementor-post-type=\"page\">\n\t\t\t\t\t\t<section class=\"elementor-section elementor-top-section elementor-element elementor-element-3842a86 elementor-section-boxed elementor-section-height-default elementor-section-height-default\" data-id=\"3842a86\" data-element_type=\"section\" data-e-type=\"section\">\n\t\t\t\t\t\t<div class=\"elementor-container elementor-column-gap-default\">\n\t\t\t\t\t<div class=\"elementor-column elementor-col-100 elementor-top-column elementor-element elementor-element-55dcb0d\" data-id=\"55dcb0d\" data-element_type=\"column\" data-e-type=\"column\">\n\t\t\t<div class=\"elementor-widget-wrap elementor-element-populated\">\n\t\t\t\t\t\t<div class=\"elementor-element elementor-element-ec1257d elementor-widget elementor-widget-spacer\" data-id=\"ec1257d\" data-element_type=\"widget\" data-e-type=\"widget\" data-widget_type=\"spacer.default\">\n\t\t\t\t<div class=\"elementor-widget-container\">\n\t\t\t\t\t\t\t<div class=\"elementor-spacer\">\n\t\t\t<div class=\"elementor-spacer-inner\"><\/div>\n\t\t<\/div>\n\t\t\t\t\t\t<\/div>\n\t\t\t\t<\/div>\n\t\t\t\t<div class=\"elementor-element elementor-element-028fa26 elementor-widget elementor-widget-heading\" data-id=\"028fa26\" data-element_type=\"widget\" data-e-type=\"widget\" data-widget_type=\"heading.default\">\n\t\t\t\t<div class=\"elementor-widget-container\">\n\t\t\t\t\t<h1 class=\"elementor-heading-title elementor-size-default\">1:1 Coachings, die Ergebnisse bringen<\/h1>\t\t\t\t<\/div>\n\t\t\t\t<\/div>\n\t\t\t\t<div class=\"elementor-element elementor-element-a51cb01 elementor-widget elementor-widget-spacer\" data-id=\"a51cb01\" data-element_type=\"widget\" data-e-type=\"widget\" data-widget_type=\"spacer.default\">\n\t\t\t\t<div class=\"elementor-widget-container\">\n\t\t\t\t\t\t\t<div class=\"elementor-spacer\">\n\t\t\t<div class=\"elementor-spacer-inner\"><\/div>\n\t\t<\/div>\n\t\t\t\t\t\t<\/div>\n\t\t\t\t<\/div>\n\t\t\t\t\t<\/div>\n\t\t<\/div>\n\t\t\t\t\t<\/div>\n\t\t<\/section>\n\t\t\t\t<section class=\"elementor-section elementor-top-section elementor-element elementor-element-f03dee7 elementor-section-boxed elementor-section-height-default elementor-section-height-default\" data-id=\"f03dee7\" data-element_type=\"section\" data-e-type=\"section\">\n\t\t\t\t\t\t<div class=\"elementor-container elementor-column-gap-default\">\n\t\t\t\t\t<div class=\"elementor-column elementor-col-100 elementor-top-column elementor-element elementor-element-ea177ff\" data-id=\"ea177ff\" data-element_type=\"column\" data-e-type=\"column\">\n\t\t\t<div class=\"elementor-widget-wrap elementor-element-populated\">\n\t\t\t\t\t\t<div class=\"elementor-element elementor-element-c20d94a elementor-widget elementor-widget-testimonial\" data-id=\"c20d94a\" data-element_type=\"widget\" data-e-type=\"widget\" data-widget_type=\"testimonial.default\">\n\t\t\t\t<div class=\"elementor-widget-container\">\n\t\t\t\t\t\t\t<div class=\"elementor-testimonial-wrapper\">\n\t\t\t\t\t\t\t<div class=\"elementor-testimonial-content\">Life Performance - Leistungsf\u00e4higkeit im Leben bedeutet f\u00fcr jeden etwas anderes. Ich helfe dir deine pers\u00f6nlichen Ziele zu finden und zu erreichen.<\/div>\n\t\t\t\n\t\t\t\t\t\t<div class=\"elementor-testimonial-meta elementor-has-image elementor-testimonial-image-position-aside\">\n\t\t\t\t<div class=\"elementor-testimonial-meta-inner\">\n\t\t\t\t\t\t\t\t\t\t\t<div class=\"elementor-testimonial-image\">\n\t\t\t\t\t\t\t<img fetchpriority=\"high\" decoding=\"async\" width=\"2255\" height=\"1501\" src=\"https:\/\/www.fyntech.de\/wp-content\/uploads\/2021\/06\/Profil_downscaled-1.png\" class=\"attachment-full size-full wp-image-589\" alt=\"\" srcset=\"https:\/\/www.fyntech.de\/wp-content\/uploads\/2021\/06\/Profil_downscaled-1.png 2255w, https:\/\/www.fyntech.de\/wp-content\/uploads\/2021\/06\/Profil_downscaled-1-300x200.png 300w, https:\/\/www.fyntech.de\/wp-content\/uploads\/2021\/06\/Profil_downscaled-1-1024x682.png 1024w, https:\/\/www.fyntech.de\/wp-content\/uploads\/2021\/06\/Profil_downscaled-1-768x511.png 768w\" sizes=\"(max-width: 2255px) 100vw, 2255px\" \/>\t\t\t\t\t\t<\/div>\n\t\t\t\t\t\n\t\t\t\t\t\t\t\t\t\t<div class=\"elementor-testimonial-details\">\n\t\t\t\t\t\t\t\t\t\t\t\t\t\t<div class=\"elementor-testimonial-name\">Frank Y. Nedwed<\/div>\n\t\t\t\t\t\t\t\t\t\t\t\t\t\t\t\t\t\t\t\t\t\t<div class=\"elementor-testimonial-job\">Life Performance Coach<\/div>\n\t\t\t\t\t\t\t\t\t\t\t\t\t<\/div>\n\t\t\t\t\t\t\t\t\t<\/div>\n\t\t\t<\/div>\n\t\t\t\t\t<\/div>\n\t\t\t\t\t\t<\/div>\n\t\t\t\t<\/div>\n\t\t\t\t\t<\/div>\n\t\t<\/div>\n\t\t\t\t\t<\/div>\n\t\t<\/section>\n\t\t\t\t<section class=\"elementor-section elementor-top-section elementor-element elementor-element-23669dc elementor-section-boxed elementor-section-height-default elementor-section-height-default\" data-id=\"23669dc\" data-element_type=\"section\" data-e-type=\"section\" data-settings=\"{&quot;background_background&quot;:&quot;classic&quot;}\">\n\t\t\t\t\t\t\t<div class=\"elementor-background-overlay\"><\/div>\n\t\t\t\t\t\t\t<div class=\"elementor-container elementor-column-gap-default\">\n\t\t\t\t\t<div class=\"elementor-column elementor-col-50 elementor-top-column elementor-element elementor-element-849a330\" data-id=\"849a330\" data-element_type=\"column\" data-e-type=\"column\">\n\t\t\t<div class=\"elementor-widget-wrap elementor-element-populated\">\n\t\t\t\t\t\t<div class=\"elementor-element elementor-element-2ed6f41 elementor-widget elementor-widget-image\" data-id=\"2ed6f41\" data-element_type=\"widget\" data-e-type=\"widget\" data-widget_type=\"image.default\">\n\t\t\t\t<div class=\"elementor-widget-container\">\n\t\t\t\t\t\t\t\t\t\t\t\t\t\t\t<img decoding=\"async\" width=\"600\" height=\"338\" src=\"https:\/\/www.fyntech.de\/wp-content\/uploads\/2021\/06\/2021-06-25_16h41_36.png\" class=\"attachment-responsive-600 size-responsive-600 wp-image-611\" alt=\"Bedeutung High Performance\" srcset=\"https:\/\/www.fyntech.de\/wp-content\/uploads\/2021\/06\/2021-06-25_16h41_36.png 644w, https:\/\/www.fyntech.de\/wp-content\/uploads\/2021\/06\/2021-06-25_16h41_36-300x169.png 300w\" sizes=\"(max-width: 600px) 100vw, 600px\" \/>\t\t\t\t\t\t\t\t\t\t\t\t\t\t\t<\/div>\n\t\t\t\t<\/div>\n\t\t\t\t\t<\/div>\n\t\t<\/div>\n\t\t\t\t<div class=\"elementor-column elementor-col-50 elementor-top-column elementor-element elementor-element-87473ff\" data-id=\"87473ff\" data-element_type=\"column\" data-e-type=\"column\">\n\t\t\t<div class=\"elementor-widget-wrap elementor-element-populated\">\n\t\t\t\t\t\t<div class=\"elementor-element elementor-element-cdac58b elementor-widget elementor-widget-text-editor\" data-id=\"cdac58b\" data-element_type=\"widget\" data-e-type=\"widget\" data-widget_type=\"text-editor.default\">\n\t\t\t\t<div class=\"elementor-widget-container\">\n\t\t\t\t\t\t\t\t\t<ul><li>Auf <strong>deine pers\u00f6nlichen Ziele<\/strong> abgestimme Coachinginhalte<\/li><li>Techniken, mit denen du <strong>physically<\/strong> und <strong>mental fitter<\/strong> wirst und gleichzeitig deine pers\u00f6nliche <strong>Ausgeglichenheit<\/strong> verbesserst<\/li><li><strong>Intensive Betreuung<\/strong> und Unterst\u00fctzung in der Umsetzung \u00fcber den kompletten Verlauf hinweg<\/li><li>Austausch mit <strong>Gleichgesinnten<\/strong><\/li><li><strong>Umsetzungspl\u00e4ne<\/strong> und Direktma\u00dfnahmen, um neue Gewohnheiten zu verankern &#8211; und alte loszuwerden<\/li><\/ul>\t\t\t\t\t\t\t\t<\/div>\n\t\t\t\t<\/div>\n\t\t\t\t\t<\/div>\n\t\t<\/div>\n\t\t\t\t\t<\/div>\n\t\t<\/section>\n\t\t\t\t<section class=\"elementor-section elementor-top-section elementor-element elementor-element-34be01f elementor-section-boxed elementor-section-height-default elementor-section-height-default\" data-id=\"34be01f\" data-element_type=\"section\" data-e-type=\"section\">\n\t\t\t\t\t\t<div class=\"elementor-container elementor-column-gap-default\">\n\t\t\t\t\t<div class=\"elementor-column elementor-col-100 elementor-top-column elementor-element elementor-element-4415450\" data-id=\"4415450\" data-element_type=\"column\" data-e-type=\"column\">\n\t\t\t<div class=\"elementor-widget-wrap elementor-element-populated\">\n\t\t\t\t\t\t<div class=\"elementor-element elementor-element-d7c5e0b elementor-widget elementor-widget-spacer\" data-id=\"d7c5e0b\" data-element_type=\"widget\" data-e-type=\"widget\" data-widget_type=\"spacer.default\">\n\t\t\t\t<div class=\"elementor-widget-container\">\n\t\t\t\t\t\t\t<div class=\"elementor-spacer\">\n\t\t\t<div class=\"elementor-spacer-inner\"><\/div>\n\t\t<\/div>\n\t\t\t\t\t\t<\/div>\n\t\t\t\t<\/div>\n\t\t\t\t\t<\/div>\n\t\t<\/div>\n\t\t\t\t\t<\/div>\n\t\t<\/section>\n\t\t\t\t<section class=\"elementor-section elementor-top-section elementor-element elementor-element-712089e elementor-section-boxed elementor-section-height-default elementor-section-height-default\" data-id=\"712089e\" data-element_type=\"section\" data-e-type=\"section\" data-settings=\"{&quot;background_background&quot;:&quot;classic&quot;}\">\n\t\t\t\t\t\t\t<div class=\"elementor-background-overlay\"><\/div>\n\t\t\t\t\t\t\t<div class=\"elementor-container elementor-column-gap-default\">\n\t\t\t\t\t<div class=\"elementor-column elementor-col-100 elementor-top-column elementor-element elementor-element-6e43273\" data-id=\"6e43273\" data-element_type=\"column\" data-e-type=\"column\">\n\t\t\t<div class=\"elementor-widget-wrap elementor-element-populated\">\n\t\t\t\t\t\t<div class=\"elementor-element elementor-element-785e904 elementor-widget elementor-widget-heading\" data-id=\"785e904\" data-element_type=\"widget\" data-e-type=\"widget\" data-widget_type=\"heading.default\">\n\t\t\t\t<div class=\"elementor-widget-container\">\n\t\t\t\t\t<h2 class=\"elementor-heading-title elementor-size-default\">Mit allen Themen, die dir helfen deine pers\u00f6nlichen Ziele zu erreichen:<\/h2>\t\t\t\t<\/div>\n\t\t\t\t<\/div>\n\t\t\t\t<div class=\"elementor-element elementor-element-4182d66 elementor-widget elementor-widget-text-editor\" data-id=\"4182d66\" data-element_type=\"widget\" data-e-type=\"widget\" data-widget_type=\"text-editor.default\">\n\t\t\t\t<div class=\"elementor-widget-container\">\n\t\t\t\t\t\t\t\t\t<ul class=\"\"><li>Tagt\u00e4glich n\u00fctzliche Skills, wie <strong>Speedreading<\/strong>, Memotechniken, <strong>Ged\u00e4chtnistricks <\/strong>und Gehirntraining f\u00fcr mehr mentale Performance<\/li><li><strong>Ern\u00e4hrung <\/strong>und Supplemente: Nachdem wir mit g\u00e4ngigen Ern\u00e4hrungsmythen aufger\u00e4umt haben widmen wir uns Ern\u00e4hrungsformen, die nach aktuellen Stand wissenschaftlicher Studien die menschliche Leistungsf\u00e4higkeit und Langlebigkeit unterst\u00fctzen &#8211; und vor allem &#8211; sich leicht in den Alltag integrieren lassen.\u00a0<\/li><li><strong>Mindsets<\/strong>: Du bist nicht, was du denkst, aber du wirst es. Nach etwas Theorie \u00fcber unsere Gehirnphysiologie tauchen wir ab in die spannenden Themen Mindset, wie Sprache und Gedanken unser Selbstbild beeinflussen und vor allem &#8211; wie du diese Prozesse zu deinem Vorteil nutzen kannst.<\/li><li><strong>Resilienz <\/strong>und <strong>Selbstwert<\/strong>: Zwei untersch\u00e4tzte F\u00e4higkeiten &#8211; wie du sie ausbaust und zum Einsatz bringst.<\/li><li>Gl\u00fcck und <strong>Achtsamkeit<\/strong>: Wie uns Achtsamkeit bei wichtigen Mikro- und Makroentscheidungen helfen kann, was dabei im Gehirn passiert und wie wir sie kultivieren k\u00f6nnen.<\/li><li>Kommunikationseffektivit\u00e4t: Mit <strong>NLP<\/strong>, Sprachmustern und <strong>Mikroexpressionen <\/strong>Gespr\u00e4chspartner besser verstehen und abholen k\u00f6nnen.<\/li><li>&#8230;und zahlreiche weitere spannende Themen, die sich 1:1 in hilfreiche Gewohnheiten \u00fcbertragen lassen<\/li><\/ul>\t\t\t\t\t\t\t\t<\/div>\n\t\t\t\t<\/div>\n\t\t\t\t\t<\/div>\n\t\t<\/div>\n\t\t\t\t\t<\/div>\n\t\t<\/section>\n\t\t\t\t<section class=\"elementor-section elementor-top-section elementor-element elementor-element-319cb30 elementor-section-boxed elementor-section-height-default elementor-section-height-default\" data-id=\"319cb30\" data-element_type=\"section\" data-e-type=\"section\">\n\t\t\t\t\t\t<div class=\"elementor-container elementor-column-gap-default\">\n\t\t\t\t\t<div class=\"elementor-column elementor-col-100 elementor-top-column elementor-element elementor-element-4d78ca8\" data-id=\"4d78ca8\" data-element_type=\"column\" data-e-type=\"column\">\n\t\t\t<div class=\"elementor-widget-wrap elementor-element-populated\">\n\t\t\t\t\t\t<div class=\"elementor-element elementor-element-36fae60 elementor-align-center elementor-widget elementor-widget-button\" data-id=\"36fae60\" data-element_type=\"widget\" data-e-type=\"widget\" data-widget_type=\"button.default\">\n\t\t\t\t<div class=\"elementor-widget-container\">\n\t\t\t\t\t\t\t\t\t<div class=\"elementor-button-wrapper\">\n\t\t\t\t\t<a class=\"elementor-button elementor-button-link elementor-size-md\" href=\"https:\/\/www.fyntech.de\/en\/life-performance\/anfrage\/\">\n\t\t\t\t\t\t<span class=\"elementor-button-content-wrapper\">\n\t\t\t\t\t\t<span class=\"elementor-button-icon\">\n\t\t\t\t<i aria-hidden=\"true\" class=\"fas fa-sort-amount-up\"><\/i>\t\t\t<\/span>\n\t\t\t\t\t\t\t\t\t<span class=\"elementor-button-text\">Anfrage<\/span>\n\t\t\t\t\t<\/span>\n\t\t\t\t\t<\/a>\n\t\t\t\t<\/div>\n\t\t\t\t\t\t\t\t<\/div>\n\t\t\t\t<\/div>\n\t\t\t\t<div class=\"elementor-element elementor-element-2c661ca elementor-widget elementor-widget-spacer\" data-id=\"2c661ca\" data-element_type=\"widget\" data-e-type=\"widget\" data-widget_type=\"spacer.default\">\n\t\t\t\t<div class=\"elementor-widget-container\">\n\t\t\t\t\t\t\t<div class=\"elementor-spacer\">\n\t\t\t<div class=\"elementor-spacer-inner\"><\/div>\n\t\t<\/div>\n\t\t\t\t\t\t<\/div>\n\t\t\t\t<\/div>\n\t\t\t\t\t<\/div>\n\t\t<\/div>\n\t\t\t\t\t<\/div>\n\t\t<\/section>\n\t\t\t\t<\/div>","protected":false},"excerpt":{"rendered":"<p>1:1 Coachings, die Ergebnisse bringen Life Performance &#8211; Leistungsf\u00e4higkeit im Leben bedeutet f\u00fcr jeden etwas anderes. Ich helfe dir deine pers\u00f6nlichen Ziele zu finden und zu erreichen. Frank Y. Nedwed Life Performance Coach Auf deine pers\u00f6nlichen Ziele abgestimme Coachinginhalte Techniken, &hellip;<\/p>\n<p class=\"read-more\"> <a class=\"more-link\" href=\"https:\/\/www.fyntech.de\/en\/life-performance\/fuer-privatpersonen\/\"> <span class=\"screen-reader-text\">F\u00fcr Privatpersonen<\/span> Read More &raquo;<\/a><\/p>","protected":false},"author":1,"featured_media":0,"parent":866,"menu_order":0,"comment_status":"closed","ping_status":"closed","template":"elementor_header_footer","meta":{"protect_children":false,"_monsterinsights_skip_tracking":false,"_monsterinsights_sitenote_active":false,"_monsterinsights_sitenote_note":"","_monsterinsights_sitenote_category":0,"footnotes":""},"class_list":["post-1020","page","type-page","status-publish","hentry"],"aioseo_notices":[],"_links":{"self":[{"href":"https:\/\/www.fyntech.de\/en\/wp-json\/wp\/v2\/pages\/1020","targetHints":{"allow":["GET"]}}],"collection":[{"href":"https:\/\/www.fyntech.de\/en\/wp-json\/wp\/v2\/pages"}],"about":[{"href":"https:\/\/www.fyntech.de\/en\/wp-json\/wp\/v2\/types\/page"}],"author":[{"embeddable":true,"href":"https:\/\/www.fyntech.de\/en\/wp-json\/wp\/v2\/users\/1"}],"replies":[{"embeddable":true,"href":"https:\/\/www.fyntech.de\/en\/wp-json\/wp\/v2\/comments?post=1020"}],"version-history":[{"count":11,"href":"https:\/\/www.fyntech.de\/en\/wp-json\/wp\/v2\/pages\/1020\/revisions"}],"predecessor-version":[{"id":1048,"href":"https:\/\/www.fyntech.de\/en\/wp-json\/wp\/v2\/pages\/1020\/revisions\/1048"}],"up":[{"embeddable":true,"href":"https:\/\/www.fyntech.de\/en\/wp-json\/wp\/v2\/pages\/866"}],"wp:attachment":[{"href":"https:\/\/www.fyntech.de\/en\/wp-json\/wp\/v2\/media?parent=1020"}],"curies":[{"name":"wp","href":"https:\/\/api.w.org\/{rel}","templated":true}]}}